{"id":2659,"date":"2025-10-09T07:30:36","date_gmt":"2025-10-09T07:30:36","guid":{"rendered":"https:\/\/bohmanbeautysystems.com\/?post_type=product&#038;p=2659"},"modified":"2025-10-12T13:58:12","modified_gmt":"2025-10-12T13:58:12","slug":"laser-a-diodo-dl6000-pro-4-dl-109","status":"publish","type":"product","link":"https:\/\/bohmanbeautysystems.com\/it\/product\/laser-a-diodo-dl6000-pro-4-dl-109\/","title":{"rendered":"DL6000 Pro 4 (DL-109) LASER A DIODI PER LA DEPILAZIONE"},"content":{"rendered":"<p>Principali vantaggi del DL6000 (DL-109) Pro:<\/p>\n<p>Tecnologia a tripla lunghezza d&#039;onda: il dispositivo utilizza le lunghezze d&#039;onda pi\u00f9 efficaci (755 nm, 808 nm, 1064 nm), consentendogli di agire con la stessa efficacia su diversi tipi di peli e di pelle, dai pi\u00f9 chiari ai pi\u00f9 scuri.<\/p>\n<p>Alta potenza: con una potenza di 3000 W e un alimentatore da 6000 W, il laser fornisce un&#039;elevata densit\u00e0 di energia (38 J\/cm<br \/>\n2<br \/>\n) per distruggere anche i follicoli piliferi pi\u00f9 resistenti.<\/p>\n<p>Velocit\u00e0 ed efficienza: un ampio spot (12\u00d736 mm) e una frequenza regolabile fino a 10 Hz riducono significativamente i tempi di trattamento, consentendo di servire pi\u00f9 clienti.<\/p>\n<p>Raffreddamento superiore: il potente sistema di raffreddamento, che comprende sia acqua che un compressore, garantisce il massimo comfort al cliente durante la procedura e protegge il dispositivo dal surriscaldamento, garantendone la durata.<\/p>\n<p>Affidabilit\u00e0: lo stack laser con tecnologia FAC (Fast Axis Compression) fornisce un fascio stabile e focalizzato per ottenere i migliori risultati possibili.<\/p>\n<p>Il DL6000 (DL-109) \u00e8 un investimento affidabile per il tuo salone, che garantisce un rapido ritorno sull&#039;investimento grazie alla sua elevata efficienza, velocit\u00e0 e sicurezza procedurale.<\/p>\n<p>Qualit\u00e0 e affidabilit\u00e0 tedesche: i dispositivi Bohman sono progettati e assemblati secondo i pi\u00f9 elevati standard qualitativi adottati in Germania. Ci\u00f2 garantisce un funzionamento affidabile, una lunga durata e costi di manutenzione minimi.<\/p>\n<p>Tecnologie innovative: i dispositivi Bohman si basano su moderne tecnologie laser (come il laser a diodo multi-lunghezza d&#039;onda), che garantiscono una depilazione efficace e sicura su diversi fototipi di pelle.<\/p>\n<p>Massimo comfort e sicurezza: i sistemi avanzati di raffreddamento della pelle rendono la depilazione laser praticamente indolore e confortevole per i clienti, riducendo al minimo il rischio di effetti collaterali.<\/p>\n<p>Efficacia certificata: le apparecchiature Bohman sono sottoposte a rigorose certificazioni che ne confermano la conformit\u00e0 agli standard internazionali di sicurezza ed efficacia.<\/p>\n<p>Design ergonomico e facilit\u00e0 d&#039;uso: l&#039;interfaccia intuitiva e il design ergonomico dell&#039;impugnatura rendono i dispositivi Bohman comodi ed efficaci per lo specialista, consentendo trattamenti pi\u00f9 rapidi e precisi.<\/p>","protected":false},"excerpt":{"rendered":"<p>Laser a diodo professionale da 3000 W DL6000 (DL-109) Pro per una depilazione rapida ed efficace<\/p>\n<p>Il DL6000 (DL-109) \u00e8 un laser a diodo professionale da 3000 W progettato per un&#039;epilazione rapida ed efficace. La sua tecnologia a tripla lunghezza d&#039;onda (755 nm, 808 nm e 1064 nm) consente la rimozione efficace dei peli su tutti i fototipi. L&#039;ampio spot di 12 x 36 mm, abbinato a un potente sistema di raffreddamento a compressore, garantisce trattamenti confortevoli e rapidi. \u00c8 la scelta ideale per centri estetici e cliniche.<\/p>","protected":false},"featured_media":2667,"comment_status":"open","ping_status":"closed","template":"","meta":{"inline_featured_image":false},"product_brand":[59],"product_cat":[15],"product_tag":[],"class_list":{"0":"post-2659","1":"product","2":"type-product","3":"status-publish","4":"has-post-thumbnail","6":"product_brand-bohman","7":"product_cat-bohman","9":"first","10":"instock","11":"shipping-taxable","12":"purchasable","13":"product-type-simple"},"acf":[],"_links":{"self":[{"href":"https:\/\/bohmanbeautysystems.com\/it\/wp-json\/wp\/v2\/product\/2659","targetHints":{"allow":["GET"]}}],"collection":[{"href":"https:\/\/bohmanbeautysystems.com\/it\/wp-json\/wp\/v2\/product"}],"about":[{"href":"https:\/\/bohmanbeautysystems.com\/it\/wp-json\/wp\/v2\/types\/product"}],"replies":[{"embeddable":true,"href":"https:\/\/bohmanbeautysystems.com\/it\/wp-json\/wp\/v2\/comments?post=2659"}],"version-history":[{"count":1,"href":"https:\/\/bohmanbeautysystems.com\/it\/wp-json\/wp\/v2\/product\/2659\/revisions"}],"predecessor-version":[{"id":2671,"href":"https:\/\/bohmanbeautysystems.com\/it\/wp-json\/wp\/v2\/product\/2659\/revisions\/2671"}],"wp:featuredmedia":[{"embeddable":true,"href":"https:\/\/bohmanbeautysystems.com\/it\/wp-json\/wp\/v2\/media\/2667"}],"wp:attachment":[{"href":"https:\/\/bohmanbeautysystems.com\/it\/wp-json\/wp\/v2\/media?parent=2659"}],"wp:term":[{"taxonomy":"product_brand","embeddable":true,"href":"https:\/\/bohmanbeautysystems.com\/it\/wp-json\/wp\/v2\/product_brand?post=2659"},{"taxonomy":"product_cat","embeddable":true,"href":"https:\/\/bohmanbeautysystems.com\/it\/wp-json\/wp\/v2\/product_cat?post=2659"},{"taxonomy":"product_tag","embeddable":true,"href":"https:\/\/bohmanbeautysystems.com\/it\/wp-json\/wp\/v2\/product_tag?post=2659"}],"curies":[{"name":"wp","href":"https:\/\/api.w.org\/{rel}","templated":true}]}}