{"id":2659,"date":"2025-10-09T07:30:36","date_gmt":"2025-10-09T07:30:36","guid":{"rendered":"https:\/\/bohmanbeautysystems.com\/?post_type=product&#038;p=2659"},"modified":"2025-10-12T13:58:12","modified_gmt":"2025-10-12T13:58:12","slug":"laser-a-diode-dl6000-pro-4-dl-109","status":"publish","type":"product","link":"https:\/\/bohmanbeautysystems.com\/fr\/product\/laser-a-diode-dl6000-pro-4-dl-109\/","title":{"rendered":"DL6000 Pro 4 (DL-109) LASER \u00c0 DIODE POUR L&#039;\u00c9PILATION"},"content":{"rendered":"<p>Principaux avantages du DL6000 (DL-109) Pro\u00a0:<\/p>\n<p>Technologie \u00e0 triple longueur d&#039;onde : l&#039;appareil utilise les longueurs d&#039;onde les plus efficaces (755 nm, 808 nm, 1064 nm), lui permettant de fonctionner avec la m\u00eame efficacit\u00e9 sur diff\u00e9rents types de cheveux et de peau, du plus clair au plus fonc\u00e9.<\/p>\n<p>Haute puissance : Avec une puissance de poign\u00e9e de 3000 W et une alimentation de 6000 W, le laser d\u00e9livre une densit\u00e9 \u00e9nerg\u00e9tique \u00e9lev\u00e9e (38 J\/cm<br \/>\n2<br \/>\n) pour d\u00e9truire m\u00eame les follicules pileux les plus r\u00e9sistants.<\/p>\n<p>Rapidit\u00e9 et efficacit\u00e9 : une grande taille de spot (12 \u00d7 36 mm) et une fr\u00e9quence r\u00e9glable jusqu&#039;\u00e0 10 Hz r\u00e9duisent consid\u00e9rablement le temps de traitement, vous permettant de servir plus de clients.<\/p>\n<p>Refroidissement sup\u00e9rieur : Le puissant syst\u00e8me de refroidissement, qui comprend \u00e0 la fois de l&#039;eau et un compresseur, assure un confort maximal au client pendant la proc\u00e9dure et prot\u00e8ge l&#039;appareil contre la surchauffe, garantissant ainsi sa durabilit\u00e9.<\/p>\n<p>Fiabilit\u00e9 : La pile laser avec technologie FAC (Fast Axis Compression) fournit un faisceau stable et focalis\u00e9 pour obtenir les meilleurs r\u00e9sultats possibles.<\/p>\n<p>Le DL6000 (DL-109) est un investissement fiable pour votre salon, garantissant un retour sur investissement rapide gr\u00e2ce \u00e0 sa grande efficacit\u00e9, sa rapidit\u00e9 et sa s\u00e9curit\u00e9 proc\u00e9durale.<\/p>\n<p>Qualit\u00e9 et fiabilit\u00e9 allemandes\u00a0: Les appareils Bohman sont con\u00e7us et assembl\u00e9s selon les normes de qualit\u00e9 les plus strictes en Allemagne. Cela garantit un fonctionnement fiable, une durabilit\u00e9 et des co\u00fbts de maintenance minimes.<\/p>\n<p>Technologies innovantes : Les appareils Bohman sont bas\u00e9s sur des technologies laser modernes (comme un laser \u00e0 diode multi-longueurs d&#039;onde), qui assurent une \u00e9pilation efficace et s\u00fbre sur une vari\u00e9t\u00e9 de phototypes de peau.<\/p>\n<p>Confort et s\u00e9curit\u00e9 maximum : les syst\u00e8mes avanc\u00e9s de refroidissement de la peau rendent l\u2019\u00e9pilation au laser pratiquement indolore et confortable pour les clients, minimisant ainsi le risque d\u2019effets secondaires.<\/p>\n<p>Efficacit\u00e9 certifi\u00e9e : Les \u00e9quipements Bohman sont soumis \u00e0 une certification rigoureuse confirmant leur conformit\u00e9 aux normes internationales de s\u00e9curit\u00e9 et d&#039;efficacit\u00e9.<\/p>\n<p>Conception ergonomique et facilit\u00e9 d&#039;utilisation : L&#039;interface intuitive et la conception ergonomique de la poign\u00e9e rendent les appareils Bohman confortables et efficaces pour le sp\u00e9cialiste, permettant des traitements plus rapides et plus pr\u00e9cis.<\/p>","protected":false},"excerpt":{"rendered":"<p>Laser \u00e0 diode professionnel 3000 W DL6000 (DL-109) Pro pour une \u00e9pilation rapide et efficace<\/p>\n<p>Le DL6000 (DL-109) est un laser \u00e0 diode professionnel de 3000 W con\u00e7u pour une \u00e9pilation rapide et efficace. Sa technologie triple longueur d&#039;onde (755 nm, 808 nm et 1064 nm) permet une \u00e9pilation r\u00e9ussie sur tous les phototypes de peau. Son grand spot de 12 \u00d7 36 mm, associ\u00e9 \u00e0 un puissant syst\u00e8me de refroidissement par compresseur, garantit des traitements confortables et rapides. C&#039;est le choix id\u00e9al pour les instituts de beaut\u00e9 et les cliniques.<\/p>","protected":false},"featured_media":2667,"comment_status":"open","ping_status":"closed","template":"","meta":{"inline_featured_image":false},"product_brand":[59],"product_cat":[15],"product_tag":[],"class_list":{"0":"post-2659","1":"product","2":"type-product","3":"status-publish","4":"has-post-thumbnail","6":"product_brand-bohman","7":"product_cat-bohman","9":"first","10":"instock","11":"shipping-taxable","12":"purchasable","13":"product-type-simple"},"acf":[],"_links":{"self":[{"href":"https:\/\/bohmanbeautysystems.com\/fr\/wp-json\/wp\/v2\/product\/2659","targetHints":{"allow":["GET"]}}],"collection":[{"href":"https:\/\/bohmanbeautysystems.com\/fr\/wp-json\/wp\/v2\/product"}],"about":[{"href":"https:\/\/bohmanbeautysystems.com\/fr\/wp-json\/wp\/v2\/types\/product"}],"replies":[{"embeddable":true,"href":"https:\/\/bohmanbeautysystems.com\/fr\/wp-json\/wp\/v2\/comments?post=2659"}],"version-history":[{"count":1,"href":"https:\/\/bohmanbeautysystems.com\/fr\/wp-json\/wp\/v2\/product\/2659\/revisions"}],"predecessor-version":[{"id":2671,"href":"https:\/\/bohmanbeautysystems.com\/fr\/wp-json\/wp\/v2\/product\/2659\/revisions\/2671"}],"wp:featuredmedia":[{"embeddable":true,"href":"https:\/\/bohmanbeautysystems.com\/fr\/wp-json\/wp\/v2\/media\/2667"}],"wp:attachment":[{"href":"https:\/\/bohmanbeautysystems.com\/fr\/wp-json\/wp\/v2\/media?parent=2659"}],"wp:term":[{"taxonomy":"product_brand","embeddable":true,"href":"https:\/\/bohmanbeautysystems.com\/fr\/wp-json\/wp\/v2\/product_brand?post=2659"},{"taxonomy":"product_cat","embeddable":true,"href":"https:\/\/bohmanbeautysystems.com\/fr\/wp-json\/wp\/v2\/product_cat?post=2659"},{"taxonomy":"product_tag","embeddable":true,"href":"https:\/\/bohmanbeautysystems.com\/fr\/wp-json\/wp\/v2\/product_tag?post=2659"}],"curies":[{"name":"wp","href":"https:\/\/api.w.org\/{rel}","templated":true}]}}