{"id":3481,"date":"2025-10-16T16:54:41","date_gmt":"2025-10-16T16:54:41","guid":{"rendered":"https:\/\/bohmanbeautysystems.com\/?page_id=3481"},"modified":"2025-11-09T15:58:29","modified_gmt":"2025-11-09T15:58:29","slug":"mentions-legales","status":"publish","type":"page","link":"https:\/\/bohmanbeautysystems.com\/fr\/mentions-legales\/","title":{"rendered":"Mentions l\u00e9gales"},"content":{"rendered":"<div data-elementor-type=\"wp-page\" data-elementor-id=\"3481\" class=\"elementor elementor-3481\">\n\t\t\t\t<div class=\"elementor-element elementor-element-0b764ad e-flex e-con-boxed e-con e-parent\" data-id=\"0b764ad\" data-element_type=\"container\" data-e-type=\"container\">\n\t\t\t\t\t<div class=\"e-con-inner\">\n\t\t\t\t<div class=\"elementor-element elementor-element-b206430 elementor-widget elementor-widget-text-editor\" data-id=\"b206430\" data-element_type=\"widget\" data-e-type=\"widget\" data-widget_type=\"text-editor.default\">\n\t\t\t\t\t\t\t\t\t<div class=\"prose dark:prose-invert inline leading-relaxed break-words min-w-0 [word-break:break-word] prose-strong:font-medium\"><p class=\"my-2 [&amp;+p]:mt-4 [&amp;_strong:has(+br)]:inline-block [&amp;_strong:has(+br)]:pb-2\">Mentions l\u00e9gales<\/p><p class=\"my-2 [&amp;+p]:mt-4 [&amp;_strong:has(+br)]:inline-block [&amp;_strong:has(+br)]:pb-2\">Nom de l&#039;entreprise:<br \/>Bohman Beauty Systems GbR<\/p><p class=\"my-2 [&amp;+p]:mt-4 [&amp;_strong:has(+br)]:inline-block [&amp;_strong:has(+br)]:pb-2\">Partenaires \/ Propri\u00e9taires :<br \/>Evi Furman<br \/>Ekaterina Bohle<\/p><p class=\"my-2 [&amp;+p]:mt-4 [&amp;_strong:has(+br)]:inline-block [&amp;_strong:has(+br)]:pb-2\">Adresse:<br \/>Leisenmahd 1<br \/>86163 Augsbourg<br \/>Allemagne<\/p><p class=\"my-2 [&amp;+p]:mt-4 [&amp;_strong:has(+br)]:inline-block [&amp;_strong:has(+br)]:pb-2\">Contact:<br \/>T\u00e9l\u00e9phone : +49 163 4733238<br \/>T\u00e9l\u00e9phone : +49 821 20915929<br \/>E-mail: <a class=\"reset interactable cursor-pointer decoration-1 underline-offset-1 text-super hover:underline font-semibold\" href=\"mailto:info@bohmanbeautysystems.com\" target=\"_blank\" rel=\"nofollow noopener\">info@bohmanbeautysystems.com<\/a><\/p><p class=\"my-2 [&amp;+p]:mt-4 [&amp;_strong:has(+br)]:inline-block [&amp;_strong:has(+br)]:pb-2\">Responsable du contenu selon \u00a7 55 Abs. 2 RStV :<br \/>Evi Furman<br \/>Ekaterina Bohle<\/p><p class=\"my-2 [&amp;+p]:mt-4 [&amp;_strong:has(+br)]:inline-block [&amp;_strong:has(+br)]:pb-2\">Enregistrement du commerce \/ Registre du commerce :<br \/>GbR (soci\u00e9t\u00e9 de personnes), petite entreprise, non inscrite au registre du commerce<\/p><p class=\"my-2 [&amp;+p]:mt-4 [&amp;_strong:has(+br)]:inline-block [&amp;_strong:has(+br)]:pb-2\">Num\u00e9ro de TVA :<br \/>Non applicable (petite entreprise selon \u00a719 UStG)<\/p><p class=\"my-2 [&amp;+p]:mt-4 [&amp;_strong:has(+br)]:inline-block [&amp;_strong:has(+br)]:pb-2\">Autorit\u00e9 de contr\u00f4le:<br \/>Non applicable (aucune activit\u00e9 ne n\u00e9cessitant une autorisation officielle)<\/p><p class=\"my-2 [&amp;+p]:mt-4 [&amp;_strong:has(+br)]:inline-block [&amp;_strong:has(+br)]:pb-2\">Assurance responsabilit\u00e9 civile professionnelle :<br \/>Non requis<\/p><p class=\"my-2 [&amp;+p]:mt-4 [&amp;_strong:has(+br)]:inline-block [&amp;_strong:has(+br)]:pb-2\">Clause de non-responsabilit\u00e9:<br \/>Malgr\u00e9 un contr\u00f4le rigoureux du contenu, nous d\u00e9clinons toute responsabilit\u00e9 quant au contenu des liens externes. Les exploitants des pages li\u00e9es sont seuls responsables de leur contenu.<\/p><\/div>\t\t\t\t\t\t\t\t<\/div>\n\t\t\t\t\t<\/div>\n\t\t\t\t<\/div>\n\t\t\t\t<\/div>","protected":false},"excerpt":{"rendered":"<p>Impressum Company name:Bohman Beauty Systems GbR Partners \/ Owners:Evi FurmanEkaterina Bohle Address:Leisenmahd 186163 AugsburgGermany Contact:Phone: +49 163 4733238Phone: +49 821 20915929Email: info@bohmanbeautysystems.com Responsible for content according to \u00a7 55 Abs. 2 RStV:Evi FurmanEkaterina Bohle Trade registration \/ Commercial register:GbR (partnership), small business, not registered in the commercial register VAT ID number:Not applicable (small business according [&hellip;]<\/p>","protected":false},"author":1,"featured_media":3487,"parent":0,"menu_order":0,"comment_status":"closed","ping_status":"closed","template":"","meta":{"inline_featured_image":false,"footnotes":""},"class_list":["post-3481","page","type-page","status-publish","has-post-thumbnail","hentry"],"acf":[],"_links":{"self":[{"href":"https:\/\/bohmanbeautysystems.com\/fr\/wp-json\/wp\/v2\/pages\/3481","targetHints":{"allow":["GET"]}}],"collection":[{"href":"https:\/\/bohmanbeautysystems.com\/fr\/wp-json\/wp\/v2\/pages"}],"about":[{"href":"https:\/\/bohmanbeautysystems.com\/fr\/wp-json\/wp\/v2\/types\/page"}],"author":[{"embeddable":true,"href":"https:\/\/bohmanbeautysystems.com\/fr\/wp-json\/wp\/v2\/users\/1"}],"replies":[{"embeddable":true,"href":"https:\/\/bohmanbeautysystems.com\/fr\/wp-json\/wp\/v2\/comments?post=3481"}],"version-history":[{"count":7,"href":"https:\/\/bohmanbeautysystems.com\/fr\/wp-json\/wp\/v2\/pages\/3481\/revisions"}],"predecessor-version":[{"id":3538,"href":"https:\/\/bohmanbeautysystems.com\/fr\/wp-json\/wp\/v2\/pages\/3481\/revisions\/3538"}],"wp:featuredmedia":[{"embeddable":true,"href":"https:\/\/bohmanbeautysystems.com\/fr\/wp-json\/wp\/v2\/media\/3487"}],"wp:attachment":[{"href":"https:\/\/bohmanbeautysystems.com\/fr\/wp-json\/wp\/v2\/media?parent=3481"}],"curies":[{"name":"wp","href":"https:\/\/api.w.org\/{rel}","templated":true}]}}