{"id":2168,"date":"2025-10-05T08:17:52","date_gmt":"2025-10-05T08:17:52","guid":{"rendered":"https:\/\/bohmanbeautysystems.com\/?page_id=2168"},"modified":"2025-10-14T16:08:45","modified_gmt":"2025-10-14T16:08:45","slug":"donnees-techniques","status":"publish","type":"page","link":"https:\/\/bohmanbeautysystems.com\/fr\/donnees-techniques\/","title":{"rendered":"DL 6000 Pro 4"},"content":{"rendered":"<div data-elementor-type=\"wp-page\" data-elementor-id=\"2168\" class=\"elementor elementor-2168\">\n\t\t\t\t<div class=\"elementor-element elementor-element-db5bdc5 e-con-full e-flex e-con e-parent\" data-id=\"db5bdc5\" data-element_type=\"container\" data-e-type=\"container\">\n\t\t\t\t<div class=\"elementor-element elementor-element-393480d elementor-widget elementor-widget-tx_service_section elh-el tx_service_section\" data-id=\"393480d\" data-element_type=\"widget\" data-e-type=\"widget\" data-settings=\"{&quot;design_style&quot;:&quot;style_7&quot;}\" data-widget_type=\"tx_service_section.default\">\n\t\t\t\t<div class=\"elementor-widget-container\">\n\t\t\t\t\t<section class=\"nm-services-4-area pt-125 pb-115 tx-section\">\r\n\t<div class=\"container nm-container-3\">\r\n\r\n\t\t<!-- section-title -->\r\n\t\t<div class=\"nm-services-4-sec-title mb-70\">\r\n\t\t\t\t\t\t<h5 class=\"nm-subtitle-4\">\r\n\t\t\t\t\t\t\t\t<span class=\"text\">\r\n\t\t\t\t\tNos services\t\t\t\t<\/span>\r\n\t\t\t\t\t\t\t<\/h5>\r\n\t\t\t\t\t\t<h2 class=\"tx-title nm-sec-title-4 nm-split2-1\">DL 6000 Pro 4\u00a0: Solution laser \u00e0 diode professionnelle<\/h2>\r\n\t\t\t\t\t\t<div class=\"btn-wrap wow fadeInRight2\" data-wow-delay=\".3s\">\r\n\t\t\t\t<a href=\"https:\/\/bohmanbeautysystems.com\/wp-content\/uploads\/2025\/10\/DL-Pro-6000-3.pdf\"\r\n\t\t\t\t\ttarget=\"_self\"\r\n\t\t\t\t\trel=\"\"\r\n\t\t\t\t\taria-label=\"T\u00e9l\u00e9charger le PDF\" class=\"nm-pr-btn-4\">\r\n\t\t\t\t\t\t\t\t\t\t<span class=\"icon\">\r\n\t\t\t\t\t\t<i aria-hidden=\"true\" class=\"fas fa-long-arrow-right\"><\/i>\t\t\t\t\t<\/span>\r\n\t\t\t\t\t\t\t\t\t\t<span class=\"text\">T\u00e9l\u00e9charger le PDF<\/span>\r\n\t\t\t\t<\/a>\r\n\t\t\t<\/div>\r\n\t\t\t\t\t<\/div>\r\n\r\n\t\t<div class=\"wa_height_set\">\r\n\t\t\t<div class=\"nm-services-4-wrap wa_height_get\">\r\n\t\t\t\t\t\t\t\t<div class=\"nm-services-4-item wa_magnetic_btn_v2-1 active\">\r\n\t\t\t\t\t\t\t\t\t\t<p class=\"nm-p-4 number\">Avantage : 01<\/p>\r\n\t\t\t\t\t\t\t\t\t\t<div class=\"content-wrap\">\r\n\t\t\t\t\t\t\t\t\t\t\t\t<h5 class=\"nm-h-4 title wa-line-limit has-line-1\">\r\n\t\t\t\t\t\t\tLaser \u00e0 diode et technologie\t\t\t\t\t\t<\/h5>\r\n\t\t\t\t\t\t\r\n\t\t\t\t\t\t\t\t\t\t\t\t<h5 class=\"nm-h-4 title\">\r\n\t\t\t\t\t\t\t<a href=\"https:\/\/bohmanbeautysystems.com\/wp-content\/uploads\/2025\/10\/DL-Pro-6000-4.pdf\"\r\n\t\t\t\t\t\t\ttarget=\"_self\"\r\n\t\t\t\t\t\t\trel=\"\"\r\n\t\t\t\t\t\t\taria-label=\"Avantage : 01\" class=\"wa-line-limit has-line-1\">\r\n\t\t\t\t\t\t\t\tLaser \u00e0 diode et technologie\t\t\t\t\t\t\t<\/a>\r\n\t\t\t\t\t\t<\/h5>\r\n\t\t\t\t\t\t\r\n\t\t\t\t\t\t\t\t\t\t\t\t<p class=\"nm-p-4 disc wa-line-limit has-line-3\">Au c\u0153ur du DL 6000 Pro 4 se trouve un laser \u00e0 diode avanc\u00e9 d&#039;une longueur d&#039;onde de 808 nm.<\/p>\r\n\t\t\t\t\t\t\r\n\t\t\t\t\t\t\t\t\t\t\t\t<ul class=\"wa-ul features-list\">\r\n\t\t\t\t\t\t\t\t\t\t\t\t\t\t<li class=\"nm-p-1\">\r\n\t\t\t\t\t\t\t\t<i aria-hidden=\"true\" class=\"fas fa-plus\"><\/i>\t\t\t\t\t\t\t\tPour toutes les zones et tous les types de cheveux\t\t\t\t\t\t\t<\/li>\r\n\t\t\t\t\t\t\t\t\t\t\t\t\t\t<li class=\"nm-p-1\">\r\n\t\t\t\t\t\t\t\t<i aria-hidden=\"true\" class=\"fas fa-plus\"><\/i>\t\t\t\t\t\t\t\tFixation pratique avec 4 longueurs d&#039;onde (755\/808\/940\/1064 nm) \u2013 convient \u00e0 toutes les zones du corps et \u00e0 tous les types de poils.\t\t\t\t\t\t\t<\/li>\r\n\t\t\t\t\t\t\t\t\t\t\t\t\t\t<li class=\"nm-p-1\">\r\n\t\t\t\t\t\t\t\t<i aria-hidden=\"true\" class=\"fas fa-plus\"><\/i>\t\t\t\t\t\t\t\tUn refroidissement efficace pour un confort client optimal\t\t\t\t\t\t\t<\/li>\r\n\t\t\t\t\t\t\t\t\t\t\t\t\t\t<li class=\"nm-p-1\">\r\n\t\t\t\t\t\t\t\t<i aria-hidden=\"true\" class=\"fas fa-plus\"><\/i>\t\t\t\t\t\t\t\tPassez rapidement d&#039;un mode de traitement \u00e0 l&#039;autre.\t\t\t\t\t\t\t<\/li>\r\n\t\t\t\t\t\t\t\t\t\t\t\t\t<\/ul>\r\n\t\t\t\t\t\t\r\n\t\t\t\t\t\t\t\t\t\t\t\t<div class=\"btn-wrap\">\r\n\t\t\t\t\t\t\t<a href=\"https:\/\/bohmanbeautysystems.com\/wp-content\/uploads\/2025\/10\/DL-Pro-6000-4.pdf\"\r\n\t\t\t\t\t\t\ttarget=\"_self\"\r\n\t\t\t\t\t\t\trel=\"\"\r\n\t\t\t\t\t\t\taria-label=\"Avantage : 01\" class=\"nm-pr-btn-4\">\r\n\t\t\t\t\t\t\t\t\t\t\t\t\t\t\t\t<span class=\"icon\">\r\n\t\t\t\t\t\t\t\t\t<i aria-hidden=\"true\" class=\"fas fa-arrow-right\"><\/i>\t\t\t\t\t\t\t\t<\/span>\r\n\t\t\t\t\t\t\t\t\t\t\t\t\t\t\t\t<span class=\"text\">T\u00e9l\u00e9charger le PDF<\/span>\r\n\t\t\t\t\t\t\t<\/a>\r\n\t\t\t\t\t\t<\/div>\r\n\t\t\t\t\t\t\t\t\t\t\t<\/div>\r\n\t\t\t\t\t\t\t\t\t\t<div class=\"item-img wa-fix wa-img-cover\">\r\n\t\t\t\t\t\t<img decoding=\"async\" class=\"wa_magnetic_btn_v2-1_elm\" src=\"https:\/\/bohmanbeautysystems.com\/wp-content\/uploads\/2025\/10\/\u0414\u0438\u0437\u0430\u0439\u043d-\u0431\u0435\u0437-\u043d\u0430\u0437\u0432\u0430\u043d\u0438\u044f-2025-10-11T183128.273.png\" alt=\"\">\r\n\t\t\t\t\t<\/div>\r\n\t\t\t\t\t\t\t\t\t<\/div>\r\n\t\t\t\t\t\t\t\t<div class=\"nm-services-4-item wa_magnetic_btn_v2-1\">\r\n\t\t\t\t\t\t\t\t\t\t<p class=\"nm-p-4 number\">Avantage : 02<\/p>\r\n\t\t\t\t\t\t\t\t\t\t<div class=\"content-wrap\">\r\n\t\t\t\t\t\t\t\t\t\t\t\t<h5 class=\"nm-h-4 title wa-line-limit has-line-1\">\r\n\t\t\t\t\t\t\t\u00c9cran tactile et s\u00e9curit\u00e9\t\t\t\t\t\t<\/h5>\r\n\t\t\t\t\t\t\r\n\t\t\t\t\t\t\t\t\t\t\t\t<h5 class=\"nm-h-4 title\">\r\n\t\t\t\t\t\t\t<a href=\"https:\/\/bohmanbeautysystems.com\/wp-content\/uploads\/2025\/10\/DL-Pro-6000-4.pdf\"\r\n\t\t\t\t\t\t\ttarget=\"_self\"\r\n\t\t\t\t\t\t\trel=\"\"\r\n\t\t\t\t\t\t\taria-label=\"Avantage : 02\" class=\"wa-line-limit has-line-1\">\r\n\t\t\t\t\t\t\t\t\u00c9cran tactile et s\u00e9curit\u00e9\t\t\t\t\t\t\t<\/a>\r\n\t\t\t\t\t\t<\/h5>\r\n\t\t\t\t\t\t\r\n\t\t\t\t\t\t\t\t\t\t\t\t<p class=\"nm-p-4 disc wa-line-limit has-line-3\">L&#039;interface tactile couleur met toutes les options \u00e0 port\u00e9e de main : commandes intelligentes et algorithmes de s\u00e9curit\u00e9 instantan\u00e9s.<\/p>\r\n\t\t\t\t\t\t\r\n\t\t\t\t\t\t\t\t\t\t\t\t<ul class=\"wa-ul features-list\">\r\n\t\t\t\t\t\t\t\t\t\t\t\t\t\t<li class=\"nm-p-1\">\r\n\t\t\t\t\t\t\t\t<i aria-hidden=\"true\" class=\"fas fa-plus\"><\/i>\t\t\t\t\t\t\t\t\u00c9cran intelligent de 15,6 pouces pour un contr\u00f4le total des proc\u00e9dures\t\t\t\t\t\t\t<\/li>\r\n\t\t\t\t\t\t\t\t\t\t\t\t\t\t<li class=\"nm-p-1\">\r\n\t\t\t\t\t\t\t\t<i aria-hidden=\"true\" class=\"fas fa-plus\"><\/i>\t\t\t\t\t\t\t\tAlgorithmes de s\u00e9curit\u00e9 avanc\u00e9s pour les types de peau\t\t\t\t\t\t\t<\/li>\r\n\t\t\t\t\t\t\t\t\t\t\t\t\t\t<li class=\"nm-p-1\">\r\n\t\t\t\t\t\t\t\t<i aria-hidden=\"true\" class=\"fas fa-plus\"><\/i>\t\t\t\t\t\t\t\tContr\u00f4le automatique du syst\u00e8me pour un fonctionnement sans souci\t\t\t\t\t\t\t<\/li>\r\n\t\t\t\t\t\t\t\t\t\t\t\t\t<\/ul>\r\n\t\t\t\t\t\t\r\n\t\t\t\t\t\t\t\t\t\t\t\t<div class=\"btn-wrap\">\r\n\t\t\t\t\t\t\t<a href=\"https:\/\/bohmanbeautysystems.com\/wp-content\/uploads\/2025\/10\/DL-Pro-6000-4.pdf\"\r\n\t\t\t\t\t\t\ttarget=\"_self\"\r\n\t\t\t\t\t\t\trel=\"\"\r\n\t\t\t\t\t\t\taria-label=\"Avantage : 02\" class=\"nm-pr-btn-4\">\r\n\t\t\t\t\t\t\t\t\t\t\t\t\t\t\t\t<span class=\"icon\">\r\n\t\t\t\t\t\t\t\t\t<i aria-hidden=\"true\" class=\"fas fa-arrow-right\"><\/i>\t\t\t\t\t\t\t\t<\/span>\r\n\t\t\t\t\t\t\t\t\t\t\t\t\t\t\t\t<span class=\"text\">T\u00e9l\u00e9charger le PDF<\/span>\r\n\t\t\t\t\t\t\t<\/a>\r\n\t\t\t\t\t\t<\/div>\r\n\t\t\t\t\t\t\t\t\t\t\t<\/div>\r\n\t\t\t\t\t\t\t\t\t\t<div class=\"item-img wa-fix wa-img-cover\">\r\n\t\t\t\t\t\t<img decoding=\"async\" class=\"wa_magnetic_btn_v2-1_elm\" src=\"https:\/\/bohmanbeautysystems.com\/wp-content\/uploads\/2025\/10\/2-3.png\" alt=\"Les interfaces municipales du DL 6000 Pro 4 incluent les param\u00e8tres et les fonctions.\">\r\n\t\t\t\t\t<\/div>\r\n\t\t\t\t\t\t\t\t\t<\/div>\r\n\t\t\t\t\t\t\t\t<div class=\"nm-services-4-item wa_magnetic_btn_v2-1\">\r\n\t\t\t\t\t\t\t\t\t\t<p class=\"nm-p-4 number\">Avantage : 03<\/p>\r\n\t\t\t\t\t\t\t\t\t\t<div class=\"content-wrap\">\r\n\t\t\t\t\t\t\t\t\t\t\t\t<h5 class=\"nm-h-4 title wa-line-limit has-line-1\">\r\n\t\t\t\t\t\t\tPour toutes les zones et tous les types de cheveux\t\t\t\t\t\t<\/h5>\r\n\t\t\t\t\t\t\r\n\t\t\t\t\t\t\t\t\t\t\t\t<h5 class=\"nm-h-4 title\">\r\n\t\t\t\t\t\t\t<a href=\"https:\/\/bohmanbeautysystems.com\/wp-content\/uploads\/2025\/10\/DL-Pro-6000-4.pdf\"\r\n\t\t\t\t\t\t\ttarget=\"_self\"\r\n\t\t\t\t\t\t\trel=\"\"\r\n\t\t\t\t\t\t\taria-label=\"Avantage : 03\" class=\"wa-line-limit has-line-1\">\r\n\t\t\t\t\t\t\t\tPour toutes les zones et tous les types de cheveux\t\t\t\t\t\t\t<\/a>\r\n\t\t\t\t\t\t<\/h5>\r\n\t\t\t\t\t\t\r\n\t\t\t\t\t\t\t\t\t\t\t\t<p class=\"nm-p-4 disc wa-line-limit has-line-3\">Embout l\u00e9ger avec 4 longueurs d&#039;onde (755\/808\/940\/1064 nm) pour toutes les zones et tous les types de cheveux.<\/p>\r\n\t\t\t\t\t\t\r\n\t\t\t\t\t\t\t\t\t\t\t\t<ul class=\"wa-ul features-list\">\r\n\t\t\t\t\t\t\t\t\t\t\t\t\t\t<li class=\"nm-p-1\">\r\n\t\t\t\t\t\t\t\t<i aria-hidden=\"true\" class=\"fas fa-plus\"><\/i>\t\t\t\t\t\t\t\tUn refroidissement efficace pour un confort client optimal\t\t\t\t\t\t\t<\/li>\r\n\t\t\t\t\t\t\t\t\t\t\t\t\t\t<li class=\"nm-p-1\">\r\n\t\t\t\t\t\t\t\t<i aria-hidden=\"true\" class=\"fas fa-plus\"><\/i>\t\t\t\t\t\t\t\tPassez rapidement d&#039;un mode de traitement \u00e0 l&#039;autre.\t\t\t\t\t\t\t<\/li>\r\n\t\t\t\t\t\t\t\t\t\t\t\t\t<\/ul>\r\n\t\t\t\t\t\t\r\n\t\t\t\t\t\t\t\t\t\t\t\t<div class=\"btn-wrap\">\r\n\t\t\t\t\t\t\t<a href=\"https:\/\/bohmanbeautysystems.com\/wp-content\/uploads\/2025\/10\/DL-Pro-6000-4.pdf\"\r\n\t\t\t\t\t\t\ttarget=\"_self\"\r\n\t\t\t\t\t\t\trel=\"\"\r\n\t\t\t\t\t\t\taria-label=\"Avantage : 03\" class=\"nm-pr-btn-4\">\r\n\t\t\t\t\t\t\t\t\t\t\t\t\t\t\t\t<span class=\"icon\">\r\n\t\t\t\t\t\t\t\t\t<i aria-hidden=\"true\" class=\"fas fa-arrow-right\"><\/i>\t\t\t\t\t\t\t\t<\/span>\r\n\t\t\t\t\t\t\t\t\t\t\t\t\t\t\t\t<span class=\"text\">T\u00e9l\u00e9charger le PDF<\/span>\r\n\t\t\t\t\t\t\t<\/a>\r\n\t\t\t\t\t\t<\/div>\r\n\t\t\t\t\t\t\t\t\t\t\t<\/div>\r\n\t\t\t\t\t\t\t\t\t\t<div class=\"item-img wa-fix wa-img-cover\">\r\n\t\t\t\t\t\t<img decoding=\"async\" class=\"wa_magnetic_btn_v2-1_elm\" src=\"https:\/\/bohmanbeautysystems.com\/wp-content\/uploads\/2025\/10\/3-3.png\" alt=\"3\">\r\n\t\t\t\t\t<\/div>\r\n\t\t\t\t\t\t\t\t\t<\/div>\r\n\t\t\t\t\t\t\t\t<div class=\"nm-services-4-item wa_magnetic_btn_v2-1\">\r\n\t\t\t\t\t\t\t\t\t\t<p class=\"nm-p-4 number\">Avantage : 04<\/p>\r\n\t\t\t\t\t\t\t\t\t\t<div class=\"content-wrap\">\r\n\t\t\t\t\t\t\t\t\t\t\t\t<h5 class=\"nm-h-4 title wa-line-limit has-line-1\">\r\n\t\t\t\t\t\t\tFiabilit\u00e9 des appareils\t\t\t\t\t\t<\/h5>\r\n\t\t\t\t\t\t\r\n\t\t\t\t\t\t\t\t\t\t\t\t<h5 class=\"nm-h-4 title\">\r\n\t\t\t\t\t\t\t<a href=\"https:\/\/bohmanbeautysystems.com\/wp-content\/uploads\/2025\/10\/DL-Pro-6000-4.pdf\"\r\n\t\t\t\t\t\t\ttarget=\"_self\"\r\n\t\t\t\t\t\t\trel=\"\"\r\n\t\t\t\t\t\t\taria-label=\"Avantage : 04\" class=\"wa-line-limit has-line-1\">\r\n\t\t\t\t\t\t\t\tFiabilit\u00e9 des appareils\t\t\t\t\t\t\t<\/a>\r\n\t\t\t\t\t\t<\/h5>\r\n\t\t\t\t\t\t\r\n\t\t\t\t\t\t\t\t\t\t\t\t<p class=\"nm-p-4 disc wa-line-limit has-line-3\">Deux syst\u00e8mes de refroidissement performants garantissent un confort constant et une grande fiabilit\u00e9 de l&#039;appareil, m\u00eame en cas d&#039;utilisation intensive en salon.<\/p>\r\n\t\t\t\t\t\t\r\n\t\t\t\t\t\t\t\t\t\t\t\t<ul class=\"wa-ul features-list\">\r\n\t\t\t\t\t\t\t\t\t\t\t\t\t\t<li class=\"nm-p-1\">\r\n\t\t\t\t\t\t\t\t<i aria-hidden=\"true\" class=\"fas fa-plus\"><\/i>\t\t\t\t\t\t\t\tRefroidissement par eau et par air double pour un contr\u00f4le efficace de la temp\u00e9rature\t\t\t\t\t\t\t<\/li>\r\n\t\t\t\t\t\t\t\t\t\t\t\t\t\t<li class=\"nm-p-1\">\r\n\t\t\t\t\t\t\t\t<i aria-hidden=\"true\" class=\"fas fa-plus\"><\/i>\t\t\t\t\t\t\t\tFonctionnement stable et continu m\u00eame sous forte charge\t\t\t\t\t\t\t<\/li>\r\n\t\t\t\t\t\t\t\t\t\t\t\t\t\t<li class=\"nm-p-1\">\r\n\t\t\t\t\t\t\t\t<i aria-hidden=\"true\" class=\"fas fa-plus\"><\/i>\t\t\t\t\t\t\t\tDoux et s\u00fbr, m\u00eame pour les peaux sensibles.\t\t\t\t\t\t\t<\/li>\r\n\t\t\t\t\t\t\t\t\t\t\t\t\t<\/ul>\r\n\t\t\t\t\t\t\r\n\t\t\t\t\t\t\t\t\t\t\t\t<div class=\"btn-wrap\">\r\n\t\t\t\t\t\t\t<a href=\"https:\/\/bohmanbeautysystems.com\/wp-content\/uploads\/2025\/10\/DL-Pro-6000-4.pdf\"\r\n\t\t\t\t\t\t\ttarget=\"_self\"\r\n\t\t\t\t\t\t\trel=\"\"\r\n\t\t\t\t\t\t\taria-label=\"Avantage : 04\" class=\"nm-pr-btn-4\">\r\n\t\t\t\t\t\t\t\t\t\t\t\t\t\t\t\t<span class=\"icon\">\r\n\t\t\t\t\t\t\t\t\t<i aria-hidden=\"true\" class=\"fas fa-arrow-right\"><\/i>\t\t\t\t\t\t\t\t<\/span>\r\n\t\t\t\t\t\t\t\t\t\t\t\t\t\t\t\t<span class=\"text\">T\u00e9l\u00e9charger le PDF<\/span>\r\n\t\t\t\t\t\t\t<\/a>\r\n\t\t\t\t\t\t<\/div>\r\n\t\t\t\t\t\t\t\t\t\t\t<\/div>\r\n\t\t\t\t\t\t\t\t\t\t<div class=\"item-img wa-fix wa-img-cover\">\r\n\t\t\t\t\t\t<img decoding=\"async\" class=\"wa_magnetic_btn_v2-1_elm\" src=\"https:\/\/bohmanbeautysystems.com\/wp-content\/uploads\/2025\/10\/4-1.png\" alt=\"2 DL 6000 Pro 4 Installation de l&#039;\u00e9cran et des raccords pour la ventilation et le d\u00e9bit d&#039;eau.\">\r\n\t\t\t\t\t<\/div>\r\n\t\t\t\t\t\t\t\t\t<\/div>\r\n\t\t\t\t\t\t\t\t<div class=\"nm-services-4-item wa_magnetic_btn_v2-1\">\r\n\t\t\t\t\t\t\t\t\t\t<p class=\"nm-p-4 number\">Avantage : 05<\/p>\r\n\t\t\t\t\t\t\t\t\t\t<div class=\"content-wrap\">\r\n\t\t\t\t\t\t\t\t\t\t\t\t<h5 class=\"nm-h-4 title wa-line-limit has-line-1\">\r\n\t\t\t\t\t\t\tRetour sur investissement rapide et assistance\t\t\t\t\t\t<\/h5>\r\n\t\t\t\t\t\t\r\n\t\t\t\t\t\t\t\t\t\t\t\t<h5 class=\"nm-h-4 title\">\r\n\t\t\t\t\t\t\t<a href=\"https:\/\/bohmanbeautysystems.com\/wp-content\/uploads\/2025\/10\/DL-Pro-6000-4.pdf\"\r\n\t\t\t\t\t\t\ttarget=\"_self\"\r\n\t\t\t\t\t\t\trel=\"\"\r\n\t\t\t\t\t\t\taria-label=\"Avantage : 05\" class=\"wa-line-limit has-line-1\">\r\n\t\t\t\t\t\t\t\tRetour sur investissement rapide et assistance\t\t\t\t\t\t\t<\/a>\r\n\t\t\t\t\t\t<\/h5>\r\n\t\t\t\t\t\t\r\n\t\t\t\t\t\t\t\t\t\t\t\t<p class=\"nm-p-4 disc wa-line-limit has-line-3\">L\u2019achat du DL 6000 Pro 4 vous donne droit \u00e0 un soutien suppl\u00e9mentaire dans les domaines de la formation et de la gestion d\u2019entreprise.<\/p>\r\n\t\t\t\t\t\t\r\n\t\t\t\t\t\t\t\t\t\t\t\t<ul class=\"wa-ul features-list\">\r\n\t\t\t\t\t\t\t\t\t\t\t\t\t\t<li class=\"nm-p-1\">\r\n\t\t\t\t\t\t\t\t<i aria-hidden=\"true\" class=\"fas fa-plus\"><\/i>\t\t\t\t\t\t\t\tCommencez \u00e0 gagner d\u00e8s le premier jour\t\t\t\t\t\t\t<\/li>\r\n\t\t\t\t\t\t\t\t\t\t\t\t\t\t<li class=\"nm-p-1\">\r\n\t\t\t\t\t\t\t\t<i aria-hidden=\"true\" class=\"fas fa-plus\"><\/i>\t\t\t\t\t\t\t\tFormation et strat\u00e9gie d&#039;entreprise gratuites incluses\t\t\t\t\t\t\t<\/li>\r\n\t\t\t\t\t\t\t\t\t\t\t\t\t\t<li class=\"nm-p-1\">\r\n\t\t\t\t\t\t\t\t<i aria-hidden=\"true\" class=\"fas fa-plus\"><\/i>\t\t\t\t\t\t\t\tMarketing continu et assistance technique\t\t\t\t\t\t\t<\/li>\r\n\t\t\t\t\t\t\t\t\t\t\t\t\t<\/ul>\r\n\t\t\t\t\t\t\r\n\t\t\t\t\t\t\t\t\t\t\t\t<div class=\"btn-wrap\">\r\n\t\t\t\t\t\t\t<a href=\"https:\/\/bohmanbeautysystems.com\/wp-content\/uploads\/2025\/10\/DL-Pro-6000-4.pdf\"\r\n\t\t\t\t\t\t\ttarget=\"_self\"\r\n\t\t\t\t\t\t\trel=\"\"\r\n\t\t\t\t\t\t\taria-label=\"Avantage : 05\" class=\"nm-pr-btn-4\">\r\n\t\t\t\t\t\t\t\t\t\t\t\t\t\t\t\t<span class=\"icon\">\r\n\t\t\t\t\t\t\t\t\t<i aria-hidden=\"true\" class=\"fas fa-arrow-right\"><\/i>\t\t\t\t\t\t\t\t<\/span>\r\n\t\t\t\t\t\t\t\t\t\t\t\t\t\t\t\t<span class=\"text\">En savoir plus<\/span>\r\n\t\t\t\t\t\t\t<\/a>\r\n\t\t\t\t\t\t<\/div>\r\n\t\t\t\t\t\t\t\t\t\t\t<\/div>\r\n\t\t\t\t\t\t\t\t\t\t<div class=\"item-img wa-fix wa-img-cover\">\r\n\t\t\t\t\t\t<img decoding=\"async\" class=\"wa_magnetic_btn_v2-1_elm\" src=\"https:\/\/bohmanbeautysystems.com\/wp-content\/uploads\/2025\/10\/5-1.png\" alt=\"Les femmes professionnelles, qui ont des performances de pointe, sont associ\u00e9es au DL 6000 Pro 4.\">\r\n\t\t\t\t\t<\/div>\r\n\t\t\t\t\t\t\t\t\t<\/div>\r\n\t\t\t\t\t\t\t\t<div class=\"nm-services-4-item wa_magnetic_btn_v2-1\">\r\n\t\t\t\t\t\t\t\t\t\t<p class=\"nm-p-4 number\">Avantage : 06<\/p>\r\n\t\t\t\t\t\t\t\t\t\t<div class=\"content-wrap\">\r\n\t\t\t\t\t\t\t\t\t\t\t\t<h5 class=\"nm-h-4 title wa-line-limit has-line-1\">\r\n\t\t\t\t\t\t\tR\u00e9sultats et garantie\t\t\t\t\t\t<\/h5>\r\n\t\t\t\t\t\t\r\n\t\t\t\t\t\t\t\t\t\t\t\t<h5 class=\"nm-h-4 title\">\r\n\t\t\t\t\t\t\t<a href=\"https:\/\/bohmanbeautysystems.com\/wp-content\/uploads\/2025\/10\/DL-Pro-6000-4.pdf\"\r\n\t\t\t\t\t\t\ttarget=\"_self\"\r\n\t\t\t\t\t\t\trel=\"\"\r\n\t\t\t\t\t\t\taria-label=\"Avantage : 06\" class=\"wa-line-limit has-line-1\">\r\n\t\t\t\t\t\t\t\tR\u00e9sultats et garantie\t\t\t\t\t\t\t<\/a>\r\n\t\t\t\t\t\t<\/h5>\r\n\t\t\t\t\t\t\r\n\t\t\t\t\t\t\t\t\t\t\t\t<p class=\"nm-p-4 disc wa-line-limit has-line-3\">Des changements visibles apr\u00e8s seulement quelques s\u00e9ances\u00a0: une peau lisse \u00e0 long terme, avec garantie et service apr\u00e8s-vente inclus.<\/p>\r\n\t\t\t\t\t\t\r\n\t\t\t\t\t\t\t\t\t\t\t\t<ul class=\"wa-ul features-list\">\r\n\t\t\t\t\t\t\t\t\t\t\t\t\t\t<li class=\"nm-p-1\">\r\n\t\t\t\t\t\t\t\t<i aria-hidden=\"true\" class=\"fas fa-plus\"><\/i>\t\t\t\t\t\t\t\tR\u00e9sultats visibles apr\u00e8s 1 \u00e0 3 s\u00e9ances\t\t\t\t\t\t\t<\/li>\r\n\t\t\t\t\t\t\t\t\t\t\t\t\t\t<li class=\"nm-p-1\">\r\n\t\t\t\t\t\t\t\t<i aria-hidden=\"true\" class=\"fas fa-plus\"><\/i>\t\t\t\t\t\t\t\t\u00c9pilation durable \u00e0 chaque s\u00e9ance\t\t\t\t\t\t\t<\/li>\r\n\t\t\t\t\t\t\t\t\t\t\t\t\t\t<li class=\"nm-p-1\">\r\n\t\t\t\t\t\t\t\t<i aria-hidden=\"true\" class=\"fas fa-plus\"><\/i>\t\t\t\t\t\t\t\tGarantie et service toujours disponibles\t\t\t\t\t\t\t<\/li>\r\n\t\t\t\t\t\t\t\t\t\t\t\t\t<\/ul>\r\n\t\t\t\t\t\t\r\n\t\t\t\t\t\t\t\t\t\t\t\t<div class=\"btn-wrap\">\r\n\t\t\t\t\t\t\t<a href=\"https:\/\/bohmanbeautysystems.com\/wp-content\/uploads\/2025\/10\/DL-Pro-6000-4.pdf\"\r\n\t\t\t\t\t\t\ttarget=\"_self\"\r\n\t\t\t\t\t\t\trel=\"\"\r\n\t\t\t\t\t\t\taria-label=\"Avantage : 06\" class=\"nm-pr-btn-4\">\r\n\t\t\t\t\t\t\t\t\t\t\t\t\t\t\t\t<span class=\"icon\">\r\n\t\t\t\t\t\t\t\t\t<i aria-hidden=\"true\" class=\"fas fa-arrow-right\"><\/i>\t\t\t\t\t\t\t\t<\/span>\r\n\t\t\t\t\t\t\t\t\t\t\t\t\t\t\t\t<span class=\"text\">T\u00e9l\u00e9charger le PDF<\/span>\r\n\t\t\t\t\t\t\t<\/a>\r\n\t\t\t\t\t\t<\/div>\r\n\t\t\t\t\t\t\t\t\t\t\t<\/div>\r\n\t\t\t\t\t\t\t\t\t\t<div class=\"item-img wa-fix wa-img-cover\">\r\n\t\t\t\t\t\t<img decoding=\"async\" class=\"wa_magnetic_btn_v2-1_elm\" src=\"https:\/\/bohmanbeautysystems.com\/wp-content\/uploads\/2025\/10\/6.png\" alt=\"Les r\u00e9sultats sont la proc\u00e9dure \u00e0 suivre et apr\u00e8s l&#039;utilisation du DL 6000 Pro 4 pour l&#039;utilisation du DL 6000 Pro 4.\">\r\n\t\t\t\t\t<\/div>\r\n\t\t\t\t\t\t\t\t\t<\/div>\r\n\t\t\t\t\t\t\t<\/div>\r\n\t\t<\/div>\r\n\t<\/div>\r\n<\/section>\t\t\t\t<\/div>\n\t\t\t\t<\/div>\n\t\t\t\t<\/div>\n\t\t\t\t<\/div>","protected":false},"excerpt":{"rendered":"<p>Our Services DL 6000 Pro 4: Professional Diode Laser Solution Download PDF Advantage: 01 Diode Laser &amp; Technology Diode Laser &amp; Technology At the heart of the DL 6000 Pro 4 is an advanced diode laser with a wavelength of 808 nm. For all areas and hair types Convenient attachment with 4 wavelengths (755\/808\/940\/1064 nm) [&hellip;]<\/p>","protected":false},"author":1,"featured_media":3333,"parent":0,"menu_order":0,"comment_status":"closed","ping_status":"closed","template":"","meta":{"inline_featured_image":false,"footnotes":""},"class_list":["post-2168","page","type-page","status-publish","has-post-thumbnail","hentry"],"acf":[],"_links":{"self":[{"href":"https:\/\/bohmanbeautysystems.com\/fr\/wp-json\/wp\/v2\/pages\/2168","targetHints":{"allow":["GET"]}}],"collection":[{"href":"https:\/\/bohmanbeautysystems.com\/fr\/wp-json\/wp\/v2\/pages"}],"about":[{"href":"https:\/\/bohmanbeautysystems.com\/fr\/wp-json\/wp\/v2\/types\/page"}],"author":[{"embeddable":true,"href":"https:\/\/bohmanbeautysystems.com\/fr\/wp-json\/wp\/v2\/users\/1"}],"replies":[{"embeddable":true,"href":"https:\/\/bohmanbeautysystems.com\/fr\/wp-json\/wp\/v2\/comments?post=2168"}],"version-history":[{"count":67,"href":"https:\/\/bohmanbeautysystems.com\/fr\/wp-json\/wp\/v2\/pages\/2168\/revisions"}],"predecessor-version":[{"id":3346,"href":"https:\/\/bohmanbeautysystems.com\/fr\/wp-json\/wp\/v2\/pages\/2168\/revisions\/3346"}],"wp:featuredmedia":[{"embeddable":true,"href":"https:\/\/bohmanbeautysystems.com\/fr\/wp-json\/wp\/v2\/media\/3333"}],"wp:attachment":[{"href":"https:\/\/bohmanbeautysystems.com\/fr\/wp-json\/wp\/v2\/media?parent=2168"}],"curies":[{"name":"wp","href":"https:\/\/api.w.org\/{rel}","templated":true}]}}