{"id":2659,"date":"2025-10-09T07:30:36","date_gmt":"2025-10-09T07:30:36","guid":{"rendered":"https:\/\/bohmanbeautysystems.com\/?post_type=product&#038;p=2659"},"modified":"2025-10-12T13:58:12","modified_gmt":"2025-10-12T13:58:12","slug":"laser-de-diodo-dl6000-pro-4-dl-109","status":"publish","type":"product","link":"https:\/\/bohmanbeautysystems.com\/es\/product\/laser-de-diodo-dl6000-pro-4-dl-109\/","title":{"rendered":"L\u00c1SER DE DIODO DL6000 Pro 4 (DL-109) PARA DEPILACI\u00d3N"},"content":{"rendered":"<p>Ventajas clave del DL6000 (DL-109) Pro:<\/p>\n<p>Tecnolog\u00eda de triple longitud de onda: el dispositivo utiliza las longitudes de onda m\u00e1s efectivas (755 nm, 808 nm, 1064 nm), lo que le permite trabajar con la misma eficiencia en distintos tipos de vello y piel, desde el m\u00e1s claro hasta el m\u00e1s oscuro.<\/p>\n<p>Alta potencia: con una potencia de mango de 3000 W y una fuente de alimentaci\u00f3n de 6000 W, el l\u00e1ser proporciona una alta densidad de energ\u00eda (38 J\/cm<br \/>\n2<br \/>\n) para destruir incluso los fol\u00edculos pilosos m\u00e1s resistentes.<\/p>\n<p>Velocidad y eficiencia: Un gran tama\u00f1o de punto (12\u00d736 mm) y una frecuencia ajustable de hasta 10 Hz reducen significativamente el tiempo de tratamiento, lo que le permite atender a m\u00e1s clientes.<\/p>\n<p>Enfriamiento superior: El potente sistema de enfriamiento, que incluye tanto agua como un compresor, asegura la m\u00e1xima comodidad del cliente durante el procedimiento y protege el dispositivo contra el sobrecalentamiento, garantizando su durabilidad.<\/p>\n<p>Fiabilidad: La pila l\u00e1ser con tecnolog\u00eda FAC (Fast Axis Compression) proporciona un haz estable y enfocado para lograr los mejores resultados posibles.<\/p>\n<p>El DL6000 (DL-109) es una inversi\u00f3n confiable para su sal\u00f3n, que garantiza un r\u00e1pido retorno de la inversi\u00f3n gracias a su alta eficiencia, velocidad y seguridad de procedimiento.<\/p>\n<p>Calidad y fiabilidad alemanas: Los dispositivos Bohman se dise\u00f1an y ensamblan seg\u00fan los m\u00e1s altos est\u00e1ndares de calidad adoptados en Alemania. Esto garantiza un funcionamiento fiable, durabilidad y costes de mantenimiento m\u00ednimos.<\/p>\n<p>Tecnolog\u00edas innovadoras: Los dispositivos Bohman se basan en modernas tecnolog\u00edas l\u00e1ser (como el l\u00e1ser de diodo de m\u00faltiples longitudes de onda), que garantizan una depilaci\u00f3n eficaz y segura en una variedad de fototipos de piel.<\/p>\n<p>M\u00e1xima comodidad y seguridad: Los sistemas avanzados de enfriamiento de la piel hacen que la depilaci\u00f3n l\u00e1ser sea pr\u00e1cticamente indolora y c\u00f3moda para los clientes, minimizando el riesgo de efectos secundarios.<\/p>\n<p>Eficacia Certificada: Los equipos Bohman pasan por una rigurosa certificaci\u00f3n que confirma su cumplimiento con los est\u00e1ndares internacionales de seguridad y eficacia.<\/p>\n<p>Dise\u00f1o ergon\u00f3mico y facilidad de uso: La interfaz intuitiva y el dise\u00f1o ergon\u00f3mico del mango hacen que los dispositivos Bohman sean c\u00f3modos y efectivos para el especialista, permitiendo tratamientos m\u00e1s r\u00e1pidos y precisos.<\/p>","protected":false},"excerpt":{"rendered":"<p>L\u00e1ser de diodo profesional DL6000 (DL-109) de 3000 W para una depilaci\u00f3n r\u00e1pida y eficaz<\/p>\n<p>El DL6000 (DL-109) es un l\u00e1ser de diodo profesional de 3000 W dise\u00f1ado para una depilaci\u00f3n r\u00e1pida y eficaz. Su tecnolog\u00eda de triple longitud de onda (755 nm, 808 nm y 1064 nm) permite la depilaci\u00f3n eficaz en todos los fototipos de piel. El amplio tama\u00f1o del punto de 12\u00d736 mm, combinado con un potente sistema de refrigeraci\u00f3n por compresor, garantiza tratamientos c\u00f3modos y de alta velocidad. Es la opci\u00f3n ideal para salones de belleza y cl\u00ednicas.<\/p>","protected":false},"featured_media":2667,"comment_status":"open","ping_status":"closed","template":"","meta":{"inline_featured_image":false},"product_brand":[59],"product_cat":[15],"product_tag":[],"class_list":{"0":"post-2659","1":"product","2":"type-product","3":"status-publish","4":"has-post-thumbnail","6":"product_brand-bohman","7":"product_cat-bohman","9":"first","10":"instock","11":"shipping-taxable","12":"purchasable","13":"product-type-simple"},"acf":[],"_links":{"self":[{"href":"https:\/\/bohmanbeautysystems.com\/es\/wp-json\/wp\/v2\/product\/2659","targetHints":{"allow":["GET"]}}],"collection":[{"href":"https:\/\/bohmanbeautysystems.com\/es\/wp-json\/wp\/v2\/product"}],"about":[{"href":"https:\/\/bohmanbeautysystems.com\/es\/wp-json\/wp\/v2\/types\/product"}],"replies":[{"embeddable":true,"href":"https:\/\/bohmanbeautysystems.com\/es\/wp-json\/wp\/v2\/comments?post=2659"}],"version-history":[{"count":1,"href":"https:\/\/bohmanbeautysystems.com\/es\/wp-json\/wp\/v2\/product\/2659\/revisions"}],"predecessor-version":[{"id":2671,"href":"https:\/\/bohmanbeautysystems.com\/es\/wp-json\/wp\/v2\/product\/2659\/revisions\/2671"}],"wp:featuredmedia":[{"embeddable":true,"href":"https:\/\/bohmanbeautysystems.com\/es\/wp-json\/wp\/v2\/media\/2667"}],"wp:attachment":[{"href":"https:\/\/bohmanbeautysystems.com\/es\/wp-json\/wp\/v2\/media?parent=2659"}],"wp:term":[{"taxonomy":"product_brand","embeddable":true,"href":"https:\/\/bohmanbeautysystems.com\/es\/wp-json\/wp\/v2\/product_brand?post=2659"},{"taxonomy":"product_cat","embeddable":true,"href":"https:\/\/bohmanbeautysystems.com\/es\/wp-json\/wp\/v2\/product_cat?post=2659"},{"taxonomy":"product_tag","embeddable":true,"href":"https:\/\/bohmanbeautysystems.com\/es\/wp-json\/wp\/v2\/product_tag?post=2659"}],"curies":[{"name":"wp","href":"https:\/\/api.w.org\/{rel}","templated":true}]}}