{"id":2168,"date":"2025-10-05T08:17:52","date_gmt":"2025-10-05T08:17:52","guid":{"rendered":"https:\/\/bohmanbeautysystems.com\/?page_id=2168"},"modified":"2025-10-14T16:08:45","modified_gmt":"2025-10-14T16:08:45","slug":"datos-tecnicos","status":"publish","type":"page","link":"https:\/\/bohmanbeautysystems.com\/es\/datos-tecnicos\/","title":{"rendered":"DL 6000 Pro 4"},"content":{"rendered":"<div data-elementor-type=\"wp-page\" data-elementor-id=\"2168\" class=\"elementor elementor-2168\">\n\t\t\t\t<div class=\"elementor-element elementor-element-db5bdc5 e-con-full e-flex e-con e-parent\" data-id=\"db5bdc5\" data-element_type=\"container\" data-e-type=\"container\">\n\t\t\t\t<div class=\"elementor-element elementor-element-393480d elementor-widget elementor-widget-tx_service_section elh-el tx_service_section\" data-id=\"393480d\" data-element_type=\"widget\" data-e-type=\"widget\" data-settings=\"{&quot;design_style&quot;:&quot;style_7&quot;}\" data-widget_type=\"tx_service_section.default\">\n\t\t\t\t<div class=\"elementor-widget-container\">\n\t\t\t\t\t<section class=\"nm-services-4-area pt-125 pb-115 tx-section\">\r\n\t<div class=\"container nm-container-3\">\r\n\r\n\t\t<!-- section-title -->\r\n\t\t<div class=\"nm-services-4-sec-title mb-70\">\r\n\t\t\t\t\t\t<h5 class=\"nm-subtitle-4\">\r\n\t\t\t\t\t\t\t\t<span class=\"text\">\r\n\t\t\t\t\tNuestros servicios\t\t\t\t<\/span>\r\n\t\t\t\t\t\t\t<\/h5>\r\n\t\t\t\t\t\t<h2 class=\"tx-title nm-sec-title-4 nm-split2-1\">DL 6000 Pro 4: Soluci\u00f3n l\u00e1ser de diodo profesional<\/h2>\r\n\t\t\t\t\t\t<div class=\"btn-wrap wow fadeInRight2\" data-wow-delay=\".3s\">\r\n\t\t\t\t<a href=\"https:\/\/bohmanbeautysystems.com\/wp-content\/uploads\/2025\/10\/DL-Pro-6000-3.pdf\"\r\n\t\t\t\t\ttarget=\"_self\"\r\n\t\t\t\t\trel=\"\"\r\n\t\t\t\t\taria-label=\"Descargar PDF\" class=\"nm-pr-btn-4\">\r\n\t\t\t\t\t\t\t\t\t\t<span class=\"icon\">\r\n\t\t\t\t\t\t<i aria-hidden=\"true\" class=\"fas fa-long-arrow-right\"><\/i>\t\t\t\t\t<\/span>\r\n\t\t\t\t\t\t\t\t\t\t<span class=\"text\">Descargar PDF<\/span>\r\n\t\t\t\t<\/a>\r\n\t\t\t<\/div>\r\n\t\t\t\t\t<\/div>\r\n\r\n\t\t<div class=\"wa_height_set\">\r\n\t\t\t<div class=\"nm-services-4-wrap wa_height_get\">\r\n\t\t\t\t\t\t\t\t<div class=\"nm-services-4-item wa_magnetic_btn_v2-1 active\">\r\n\t\t\t\t\t\t\t\t\t\t<p class=\"nm-p-4 number\">Ventaja: 01<\/p>\r\n\t\t\t\t\t\t\t\t\t\t<div class=\"content-wrap\">\r\n\t\t\t\t\t\t\t\t\t\t\t\t<h5 class=\"nm-h-4 title wa-line-limit has-line-1\">\r\n\t\t\t\t\t\t\tL\u00e1ser de diodo y tecnolog\u00eda\t\t\t\t\t\t<\/h5>\r\n\t\t\t\t\t\t\r\n\t\t\t\t\t\t\t\t\t\t\t\t<h5 class=\"nm-h-4 title\">\r\n\t\t\t\t\t\t\t<a href=\"https:\/\/bohmanbeautysystems.com\/wp-content\/uploads\/2025\/10\/DL-Pro-6000-4.pdf\"\r\n\t\t\t\t\t\t\ttarget=\"_self\"\r\n\t\t\t\t\t\t\trel=\"\"\r\n\t\t\t\t\t\t\taria-label=\"Ventaja: 01\" class=\"wa-line-limit has-line-1\">\r\n\t\t\t\t\t\t\t\tL\u00e1ser de diodo y tecnolog\u00eda\t\t\t\t\t\t\t<\/a>\r\n\t\t\t\t\t\t<\/h5>\r\n\t\t\t\t\t\t\r\n\t\t\t\t\t\t\t\t\t\t\t\t<p class=\"nm-p-4 disc wa-line-limit has-line-3\">En el coraz\u00f3n del DL 6000 Pro 4 se encuentra un l\u00e1ser de diodo avanzado con una longitud de onda de 808 nm.<\/p>\r\n\t\t\t\t\t\t\r\n\t\t\t\t\t\t\t\t\t\t\t\t<ul class=\"wa-ul features-list\">\r\n\t\t\t\t\t\t\t\t\t\t\t\t\t\t<li class=\"nm-p-1\">\r\n\t\t\t\t\t\t\t\t<i aria-hidden=\"true\" class=\"fas fa-plus\"><\/i>\t\t\t\t\t\t\t\tPara todas las zonas y tipos de cabello.\t\t\t\t\t\t\t<\/li>\r\n\t\t\t\t\t\t\t\t\t\t\t\t\t\t<li class=\"nm-p-1\">\r\n\t\t\t\t\t\t\t\t<i aria-hidden=\"true\" class=\"fas fa-plus\"><\/i>\t\t\t\t\t\t\t\tAccesorio c\u00f3modo con 4 longitudes de onda (755\/808\/940\/1064 nm): adecuado para todas las zonas del cuerpo y todo tipo de vello.\t\t\t\t\t\t\t<\/li>\r\n\t\t\t\t\t\t\t\t\t\t\t\t\t\t<li class=\"nm-p-1\">\r\n\t\t\t\t\t\t\t\t<i aria-hidden=\"true\" class=\"fas fa-plus\"><\/i>\t\t\t\t\t\t\t\tRefrigeraci\u00f3n eficaz para la m\u00e1xima comodidad del cliente.\t\t\t\t\t\t\t<\/li>\r\n\t\t\t\t\t\t\t\t\t\t\t\t\t\t<li class=\"nm-p-1\">\r\n\t\t\t\t\t\t\t\t<i aria-hidden=\"true\" class=\"fas fa-plus\"><\/i>\t\t\t\t\t\t\t\tCambie r\u00e1pidamente entre diferentes modos de tratamiento\t\t\t\t\t\t\t<\/li>\r\n\t\t\t\t\t\t\t\t\t\t\t\t\t<\/ul>\r\n\t\t\t\t\t\t\r\n\t\t\t\t\t\t\t\t\t\t\t\t<div class=\"btn-wrap\">\r\n\t\t\t\t\t\t\t<a href=\"https:\/\/bohmanbeautysystems.com\/wp-content\/uploads\/2025\/10\/DL-Pro-6000-4.pdf\"\r\n\t\t\t\t\t\t\ttarget=\"_self\"\r\n\t\t\t\t\t\t\trel=\"\"\r\n\t\t\t\t\t\t\taria-label=\"Ventaja: 01\" class=\"nm-pr-btn-4\">\r\n\t\t\t\t\t\t\t\t\t\t\t\t\t\t\t\t<span class=\"icon\">\r\n\t\t\t\t\t\t\t\t\t<i aria-hidden=\"true\" class=\"fas fa-arrow-right\"><\/i>\t\t\t\t\t\t\t\t<\/span>\r\n\t\t\t\t\t\t\t\t\t\t\t\t\t\t\t\t<span class=\"text\">Descargar PDF<\/span>\r\n\t\t\t\t\t\t\t<\/a>\r\n\t\t\t\t\t\t<\/div>\r\n\t\t\t\t\t\t\t\t\t\t\t<\/div>\r\n\t\t\t\t\t\t\t\t\t\t<div class=\"item-img wa-fix wa-img-cover\">\r\n\t\t\t\t\t\t<img decoding=\"async\" class=\"wa_magnetic_btn_v2-1_elm\" src=\"https:\/\/bohmanbeautysystems.com\/wp-content\/uploads\/2025\/10\/\u0414\u0438\u0437\u0430\u0439\u043d-\u0431\u0435\u0437-\u043d\u0430\u0437\u0432\u0430\u043d\u0438\u044f-2025-10-11T183128.273.png\" alt=\"\">\r\n\t\t\t\t\t<\/div>\r\n\t\t\t\t\t\t\t\t\t<\/div>\r\n\t\t\t\t\t\t\t\t<div class=\"nm-services-4-item wa_magnetic_btn_v2-1\">\r\n\t\t\t\t\t\t\t\t\t\t<p class=\"nm-p-4 number\">Ventaja: 02<\/p>\r\n\t\t\t\t\t\t\t\t\t\t<div class=\"content-wrap\">\r\n\t\t\t\t\t\t\t\t\t\t\t\t<h5 class=\"nm-h-4 title wa-line-limit has-line-1\">\r\n\t\t\t\t\t\t\tPantalla t\u00e1ctil y seguridad\t\t\t\t\t\t<\/h5>\r\n\t\t\t\t\t\t\r\n\t\t\t\t\t\t\t\t\t\t\t\t<h5 class=\"nm-h-4 title\">\r\n\t\t\t\t\t\t\t<a href=\"https:\/\/bohmanbeautysystems.com\/wp-content\/uploads\/2025\/10\/DL-Pro-6000-4.pdf\"\r\n\t\t\t\t\t\t\ttarget=\"_self\"\r\n\t\t\t\t\t\t\trel=\"\"\r\n\t\t\t\t\t\t\taria-label=\"Ventaja: 02\" class=\"wa-line-limit has-line-1\">\r\n\t\t\t\t\t\t\t\tPantalla t\u00e1ctil y seguridad\t\t\t\t\t\t\t<\/a>\r\n\t\t\t\t\t\t<\/h5>\r\n\t\t\t\t\t\t\r\n\t\t\t\t\t\t\t\t\t\t\t\t<p class=\"nm-p-4 disc wa-line-limit has-line-3\">La interfaz de pantalla t\u00e1ctil a color pone todas las opciones a tu alcance: controles inteligentes y algoritmos de seguridad instant\u00e1neos.<\/p>\r\n\t\t\t\t\t\t\r\n\t\t\t\t\t\t\t\t\t\t\t\t<ul class=\"wa-ul features-list\">\r\n\t\t\t\t\t\t\t\t\t\t\t\t\t\t<li class=\"nm-p-1\">\r\n\t\t\t\t\t\t\t\t<i aria-hidden=\"true\" class=\"fas fa-plus\"><\/i>\t\t\t\t\t\t\t\tPantalla inteligente de 15,6\u2033 para un control total del procedimiento\t\t\t\t\t\t\t<\/li>\r\n\t\t\t\t\t\t\t\t\t\t\t\t\t\t<li class=\"nm-p-1\">\r\n\t\t\t\t\t\t\t\t<i aria-hidden=\"true\" class=\"fas fa-plus\"><\/i>\t\t\t\t\t\t\t\tAlgoritmos avanzados de seguridad para tipos de piel\t\t\t\t\t\t\t<\/li>\r\n\t\t\t\t\t\t\t\t\t\t\t\t\t\t<li class=\"nm-p-1\">\r\n\t\t\t\t\t\t\t\t<i aria-hidden=\"true\" class=\"fas fa-plus\"><\/i>\t\t\t\t\t\t\t\tComprobaci\u00f3n autom\u00e1tica del sistema para un funcionamiento sin preocupaciones\t\t\t\t\t\t\t<\/li>\r\n\t\t\t\t\t\t\t\t\t\t\t\t\t<\/ul>\r\n\t\t\t\t\t\t\r\n\t\t\t\t\t\t\t\t\t\t\t\t<div class=\"btn-wrap\">\r\n\t\t\t\t\t\t\t<a href=\"https:\/\/bohmanbeautysystems.com\/wp-content\/uploads\/2025\/10\/DL-Pro-6000-4.pdf\"\r\n\t\t\t\t\t\t\ttarget=\"_self\"\r\n\t\t\t\t\t\t\trel=\"\"\r\n\t\t\t\t\t\t\taria-label=\"Ventaja: 02\" class=\"nm-pr-btn-4\">\r\n\t\t\t\t\t\t\t\t\t\t\t\t\t\t\t\t<span class=\"icon\">\r\n\t\t\t\t\t\t\t\t\t<i aria-hidden=\"true\" class=\"fas fa-arrow-right\"><\/i>\t\t\t\t\t\t\t\t<\/span>\r\n\t\t\t\t\t\t\t\t\t\t\t\t\t\t\t\t<span class=\"text\">Descargar PDF<\/span>\r\n\t\t\t\t\t\t\t<\/a>\r\n\t\t\t\t\t\t<\/div>\r\n\t\t\t\t\t\t\t\t\t\t\t<\/div>\r\n\t\t\t\t\t\t\t\t\t\t<div class=\"item-img wa-fix wa-img-cover\">\r\n\t\t\t\t\t\t<img decoding=\"async\" class=\"wa_magnetic_btn_v2-1_elm\" src=\"https:\/\/bohmanbeautysystems.com\/wp-content\/uploads\/2025\/10\/2-3.png\" alt=\"La interfaz municipal DL 6000 Pro 4 con par\u00e1metros y funciones mejoradas.\">\r\n\t\t\t\t\t<\/div>\r\n\t\t\t\t\t\t\t\t\t<\/div>\r\n\t\t\t\t\t\t\t\t<div class=\"nm-services-4-item wa_magnetic_btn_v2-1\">\r\n\t\t\t\t\t\t\t\t\t\t<p class=\"nm-p-4 number\">Ventaja: 03<\/p>\r\n\t\t\t\t\t\t\t\t\t\t<div class=\"content-wrap\">\r\n\t\t\t\t\t\t\t\t\t\t\t\t<h5 class=\"nm-h-4 title wa-line-limit has-line-1\">\r\n\t\t\t\t\t\t\tPara todas las zonas y tipos de cabello.\t\t\t\t\t\t<\/h5>\r\n\t\t\t\t\t\t\r\n\t\t\t\t\t\t\t\t\t\t\t\t<h5 class=\"nm-h-4 title\">\r\n\t\t\t\t\t\t\t<a href=\"https:\/\/bohmanbeautysystems.com\/wp-content\/uploads\/2025\/10\/DL-Pro-6000-4.pdf\"\r\n\t\t\t\t\t\t\ttarget=\"_self\"\r\n\t\t\t\t\t\t\trel=\"\"\r\n\t\t\t\t\t\t\taria-label=\"Ventaja: 03\" class=\"wa-line-limit has-line-1\">\r\n\t\t\t\t\t\t\t\tPara todas las zonas y tipos de cabello.\t\t\t\t\t\t\t<\/a>\r\n\t\t\t\t\t\t<\/h5>\r\n\t\t\t\t\t\t\r\n\t\t\t\t\t\t\t\t\t\t\t\t<p class=\"nm-p-4 disc wa-line-limit has-line-3\">Punta ligera con 4 longitudes de onda (755\/808\/940\/1064 nm) para todas las zonas y tipos de vello.<\/p>\r\n\t\t\t\t\t\t\r\n\t\t\t\t\t\t\t\t\t\t\t\t<ul class=\"wa-ul features-list\">\r\n\t\t\t\t\t\t\t\t\t\t\t\t\t\t<li class=\"nm-p-1\">\r\n\t\t\t\t\t\t\t\t<i aria-hidden=\"true\" class=\"fas fa-plus\"><\/i>\t\t\t\t\t\t\t\tRefrigeraci\u00f3n eficaz para la m\u00e1xima comodidad del cliente.\t\t\t\t\t\t\t<\/li>\r\n\t\t\t\t\t\t\t\t\t\t\t\t\t\t<li class=\"nm-p-1\">\r\n\t\t\t\t\t\t\t\t<i aria-hidden=\"true\" class=\"fas fa-plus\"><\/i>\t\t\t\t\t\t\t\tCambie r\u00e1pidamente entre diferentes modos de tratamiento\t\t\t\t\t\t\t<\/li>\r\n\t\t\t\t\t\t\t\t\t\t\t\t\t<\/ul>\r\n\t\t\t\t\t\t\r\n\t\t\t\t\t\t\t\t\t\t\t\t<div class=\"btn-wrap\">\r\n\t\t\t\t\t\t\t<a href=\"https:\/\/bohmanbeautysystems.com\/wp-content\/uploads\/2025\/10\/DL-Pro-6000-4.pdf\"\r\n\t\t\t\t\t\t\ttarget=\"_self\"\r\n\t\t\t\t\t\t\trel=\"\"\r\n\t\t\t\t\t\t\taria-label=\"Ventaja: 03\" class=\"nm-pr-btn-4\">\r\n\t\t\t\t\t\t\t\t\t\t\t\t\t\t\t\t<span class=\"icon\">\r\n\t\t\t\t\t\t\t\t\t<i aria-hidden=\"true\" class=\"fas fa-arrow-right\"><\/i>\t\t\t\t\t\t\t\t<\/span>\r\n\t\t\t\t\t\t\t\t\t\t\t\t\t\t\t\t<span class=\"text\">Descargar PDF<\/span>\r\n\t\t\t\t\t\t\t<\/a>\r\n\t\t\t\t\t\t<\/div>\r\n\t\t\t\t\t\t\t\t\t\t\t<\/div>\r\n\t\t\t\t\t\t\t\t\t\t<div class=\"item-img wa-fix wa-img-cover\">\r\n\t\t\t\t\t\t<img decoding=\"async\" class=\"wa_magnetic_btn_v2-1_elm\" src=\"https:\/\/bohmanbeautysystems.com\/wp-content\/uploads\/2025\/10\/3-3.png\" alt=\"3\">\r\n\t\t\t\t\t<\/div>\r\n\t\t\t\t\t\t\t\t\t<\/div>\r\n\t\t\t\t\t\t\t\t<div class=\"nm-services-4-item wa_magnetic_btn_v2-1\">\r\n\t\t\t\t\t\t\t\t\t\t<p class=\"nm-p-4 number\">Ventaja: 04<\/p>\r\n\t\t\t\t\t\t\t\t\t\t<div class=\"content-wrap\">\r\n\t\t\t\t\t\t\t\t\t\t\t\t<h5 class=\"nm-h-4 title wa-line-limit has-line-1\">\r\n\t\t\t\t\t\t\tFiabilidad del dispositivo\t\t\t\t\t\t<\/h5>\r\n\t\t\t\t\t\t\r\n\t\t\t\t\t\t\t\t\t\t\t\t<h5 class=\"nm-h-4 title\">\r\n\t\t\t\t\t\t\t<a href=\"https:\/\/bohmanbeautysystems.com\/wp-content\/uploads\/2025\/10\/DL-Pro-6000-4.pdf\"\r\n\t\t\t\t\t\t\ttarget=\"_self\"\r\n\t\t\t\t\t\t\trel=\"\"\r\n\t\t\t\t\t\t\taria-label=\"Ventaja: 04\" class=\"wa-line-limit has-line-1\">\r\n\t\t\t\t\t\t\t\tFiabilidad del dispositivo\t\t\t\t\t\t\t<\/a>\r\n\t\t\t\t\t\t<\/h5>\r\n\t\t\t\t\t\t\r\n\t\t\t\t\t\t\t\t\t\t\t\t<p class=\"nm-p-4 disc wa-line-limit has-line-3\">Los potentes sistemas de refrigeraci\u00f3n duales garantizan una comodidad constante y una alta fiabilidad del dispositivo, incluso durante un uso intensivo en el sal\u00f3n.<\/p>\r\n\t\t\t\t\t\t\r\n\t\t\t\t\t\t\t\t\t\t\t\t<ul class=\"wa-ul features-list\">\r\n\t\t\t\t\t\t\t\t\t\t\t\t\t\t<li class=\"nm-p-1\">\r\n\t\t\t\t\t\t\t\t<i aria-hidden=\"true\" class=\"fas fa-plus\"><\/i>\t\t\t\t\t\t\t\tRefrigeraci\u00f3n dual por agua y aire para un control eficiente de la temperatura\t\t\t\t\t\t\t<\/li>\r\n\t\t\t\t\t\t\t\t\t\t\t\t\t\t<li class=\"nm-p-1\">\r\n\t\t\t\t\t\t\t\t<i aria-hidden=\"true\" class=\"fas fa-plus\"><\/i>\t\t\t\t\t\t\t\tFuncionamiento continuo estable incluso bajo carga elevada\t\t\t\t\t\t\t<\/li>\r\n\t\t\t\t\t\t\t\t\t\t\t\t\t\t<li class=\"nm-p-1\">\r\n\t\t\t\t\t\t\t\t<i aria-hidden=\"true\" class=\"fas fa-plus\"><\/i>\t\t\t\t\t\t\t\tSuave y seguro incluso para pieles sensibles.\t\t\t\t\t\t\t<\/li>\r\n\t\t\t\t\t\t\t\t\t\t\t\t\t<\/ul>\r\n\t\t\t\t\t\t\r\n\t\t\t\t\t\t\t\t\t\t\t\t<div class=\"btn-wrap\">\r\n\t\t\t\t\t\t\t<a href=\"https:\/\/bohmanbeautysystems.com\/wp-content\/uploads\/2025\/10\/DL-Pro-6000-4.pdf\"\r\n\t\t\t\t\t\t\ttarget=\"_self\"\r\n\t\t\t\t\t\t\trel=\"\"\r\n\t\t\t\t\t\t\taria-label=\"Ventaja: 04\" class=\"nm-pr-btn-4\">\r\n\t\t\t\t\t\t\t\t\t\t\t\t\t\t\t\t<span class=\"icon\">\r\n\t\t\t\t\t\t\t\t\t<i aria-hidden=\"true\" class=\"fas fa-arrow-right\"><\/i>\t\t\t\t\t\t\t\t<\/span>\r\n\t\t\t\t\t\t\t\t\t\t\t\t\t\t\t\t<span class=\"text\">Descargar PDF<\/span>\r\n\t\t\t\t\t\t\t<\/a>\r\n\t\t\t\t\t\t<\/div>\r\n\t\t\t\t\t\t\t\t\t\t\t<\/div>\r\n\t\t\t\t\t\t\t\t\t\t<div class=\"item-img wa-fix wa-img-cover\">\r\n\t\t\t\t\t\t<img decoding=\"async\" class=\"wa_magnetic_btn_v2-1_elm\" src=\"https:\/\/bohmanbeautysystems.com\/wp-content\/uploads\/2025\/10\/4-1.png\" alt=\"2 DL 6000 Pro 4 Configuraci\u00f3n de pantallas y idiomas para ventiladores y agua potable.\">\r\n\t\t\t\t\t<\/div>\r\n\t\t\t\t\t\t\t\t\t<\/div>\r\n\t\t\t\t\t\t\t\t<div class=\"nm-services-4-item wa_magnetic_btn_v2-1\">\r\n\t\t\t\t\t\t\t\t\t\t<p class=\"nm-p-4 number\">Ventaja: 05<\/p>\r\n\t\t\t\t\t\t\t\t\t\t<div class=\"content-wrap\">\r\n\t\t\t\t\t\t\t\t\t\t\t\t<h5 class=\"nm-h-4 title wa-line-limit has-line-1\">\r\n\t\t\t\t\t\t\tR\u00e1pido retorno de la inversi\u00f3n y soporte\t\t\t\t\t\t<\/h5>\r\n\t\t\t\t\t\t\r\n\t\t\t\t\t\t\t\t\t\t\t\t<h5 class=\"nm-h-4 title\">\r\n\t\t\t\t\t\t\t<a href=\"https:\/\/bohmanbeautysystems.com\/wp-content\/uploads\/2025\/10\/DL-Pro-6000-4.pdf\"\r\n\t\t\t\t\t\t\ttarget=\"_self\"\r\n\t\t\t\t\t\t\trel=\"\"\r\n\t\t\t\t\t\t\taria-label=\"Ventaja: 05\" class=\"wa-line-limit has-line-1\">\r\n\t\t\t\t\t\t\t\tR\u00e1pido retorno de la inversi\u00f3n y soporte\t\t\t\t\t\t\t<\/a>\r\n\t\t\t\t\t\t<\/h5>\r\n\t\t\t\t\t\t\r\n\t\t\t\t\t\t\t\t\t\t\t\t<p class=\"nm-p-4 disc wa-line-limit has-line-3\">Con la compra de DL 6000 Pro 4, recibir\u00e1 soporte adicional en las \u00e1reas de capacitaci\u00f3n y gesti\u00f3n empresarial.<\/p>\r\n\t\t\t\t\t\t\r\n\t\t\t\t\t\t\t\t\t\t\t\t<ul class=\"wa-ul features-list\">\r\n\t\t\t\t\t\t\t\t\t\t\t\t\t\t<li class=\"nm-p-1\">\r\n\t\t\t\t\t\t\t\t<i aria-hidden=\"true\" class=\"fas fa-plus\"><\/i>\t\t\t\t\t\t\t\tEmpieza a ganar desde el primer d\u00eda\t\t\t\t\t\t\t<\/li>\r\n\t\t\t\t\t\t\t\t\t\t\t\t\t\t<li class=\"nm-p-1\">\r\n\t\t\t\t\t\t\t\t<i aria-hidden=\"true\" class=\"fas fa-plus\"><\/i>\t\t\t\t\t\t\t\tFormaci\u00f3n gratuita y estrategia empresarial incluida.\t\t\t\t\t\t\t<\/li>\r\n\t\t\t\t\t\t\t\t\t\t\t\t\t\t<li class=\"nm-p-1\">\r\n\t\t\t\t\t\t\t\t<i aria-hidden=\"true\" class=\"fas fa-plus\"><\/i>\t\t\t\t\t\t\t\tSoporte t\u00e9cnico y de marketing continuo\t\t\t\t\t\t\t<\/li>\r\n\t\t\t\t\t\t\t\t\t\t\t\t\t<\/ul>\r\n\t\t\t\t\t\t\r\n\t\t\t\t\t\t\t\t\t\t\t\t<div class=\"btn-wrap\">\r\n\t\t\t\t\t\t\t<a href=\"https:\/\/bohmanbeautysystems.com\/wp-content\/uploads\/2025\/10\/DL-Pro-6000-4.pdf\"\r\n\t\t\t\t\t\t\ttarget=\"_self\"\r\n\t\t\t\t\t\t\trel=\"\"\r\n\t\t\t\t\t\t\taria-label=\"Ventaja: 05\" class=\"nm-pr-btn-4\">\r\n\t\t\t\t\t\t\t\t\t\t\t\t\t\t\t\t<span class=\"icon\">\r\n\t\t\t\t\t\t\t\t\t<i aria-hidden=\"true\" class=\"fas fa-arrow-right\"><\/i>\t\t\t\t\t\t\t\t<\/span>\r\n\t\t\t\t\t\t\t\t\t\t\t\t\t\t\t\t<span class=\"text\">Leer m\u00e1s<\/span>\r\n\t\t\t\t\t\t\t<\/a>\r\n\t\t\t\t\t\t<\/div>\r\n\t\t\t\t\t\t\t\t\t\t\t<\/div>\r\n\t\t\t\t\t\t\t\t\t\t<div class=\"item-img wa-fix wa-img-cover\">\r\n\t\t\t\t\t\t<img decoding=\"async\" class=\"wa_magnetic_btn_v2-1_elm\" src=\"https:\/\/bohmanbeautysystems.com\/wp-content\/uploads\/2025\/10\/5-1.png\" alt=\"Las mujeres profesionales, previas a las actividades profesionales, se encuentran en el DL 6000 Pro 4.\">\r\n\t\t\t\t\t<\/div>\r\n\t\t\t\t\t\t\t\t\t<\/div>\r\n\t\t\t\t\t\t\t\t<div class=\"nm-services-4-item wa_magnetic_btn_v2-1\">\r\n\t\t\t\t\t\t\t\t\t\t<p class=\"nm-p-4 number\">Ventaja: 06<\/p>\r\n\t\t\t\t\t\t\t\t\t\t<div class=\"content-wrap\">\r\n\t\t\t\t\t\t\t\t\t\t\t\t<h5 class=\"nm-h-4 title wa-line-limit has-line-1\">\r\n\t\t\t\t\t\t\tResultados y garant\u00eda\t\t\t\t\t\t<\/h5>\r\n\t\t\t\t\t\t\r\n\t\t\t\t\t\t\t\t\t\t\t\t<h5 class=\"nm-h-4 title\">\r\n\t\t\t\t\t\t\t<a href=\"https:\/\/bohmanbeautysystems.com\/wp-content\/uploads\/2025\/10\/DL-Pro-6000-4.pdf\"\r\n\t\t\t\t\t\t\ttarget=\"_self\"\r\n\t\t\t\t\t\t\trel=\"\"\r\n\t\t\t\t\t\t\taria-label=\"Ventaja: 06\" class=\"wa-line-limit has-line-1\">\r\n\t\t\t\t\t\t\t\tResultados y garant\u00eda\t\t\t\t\t\t\t<\/a>\r\n\t\t\t\t\t\t<\/h5>\r\n\t\t\t\t\t\t\r\n\t\t\t\t\t\t\t\t\t\t\t\t<p class=\"nm-p-4 disc wa-line-limit has-line-3\">Cambios visibles despu\u00e9s de unas pocas sesiones: piel suave a largo plazo, adem\u00e1s de garant\u00eda y servicio de asistencia incluidos.<\/p>\r\n\t\t\t\t\t\t\r\n\t\t\t\t\t\t\t\t\t\t\t\t<ul class=\"wa-ul features-list\">\r\n\t\t\t\t\t\t\t\t\t\t\t\t\t\t<li class=\"nm-p-1\">\r\n\t\t\t\t\t\t\t\t<i aria-hidden=\"true\" class=\"fas fa-plus\"><\/i>\t\t\t\t\t\t\t\tResultados visibles despu\u00e9s de 1-3 sesiones\t\t\t\t\t\t\t<\/li>\r\n\t\t\t\t\t\t\t\t\t\t\t\t\t\t<li class=\"nm-p-1\">\r\n\t\t\t\t\t\t\t\t<i aria-hidden=\"true\" class=\"fas fa-plus\"><\/i>\t\t\t\t\t\t\t\tDepilaci\u00f3n a largo plazo con cada procedimiento.\t\t\t\t\t\t\t<\/li>\r\n\t\t\t\t\t\t\t\t\t\t\t\t\t\t<li class=\"nm-p-1\">\r\n\t\t\t\t\t\t\t\t<i aria-hidden=\"true\" class=\"fas fa-plus\"><\/i>\t\t\t\t\t\t\t\tGarant\u00eda y servicio siempre disponibles\t\t\t\t\t\t\t<\/li>\r\n\t\t\t\t\t\t\t\t\t\t\t\t\t<\/ul>\r\n\t\t\t\t\t\t\r\n\t\t\t\t\t\t\t\t\t\t\t\t<div class=\"btn-wrap\">\r\n\t\t\t\t\t\t\t<a href=\"https:\/\/bohmanbeautysystems.com\/wp-content\/uploads\/2025\/10\/DL-Pro-6000-4.pdf\"\r\n\t\t\t\t\t\t\ttarget=\"_self\"\r\n\t\t\t\t\t\t\trel=\"\"\r\n\t\t\t\t\t\t\taria-label=\"Ventaja: 06\" class=\"nm-pr-btn-4\">\r\n\t\t\t\t\t\t\t\t\t\t\t\t\t\t\t\t<span class=\"icon\">\r\n\t\t\t\t\t\t\t\t\t<i aria-hidden=\"true\" class=\"fas fa-arrow-right\"><\/i>\t\t\t\t\t\t\t\t<\/span>\r\n\t\t\t\t\t\t\t\t\t\t\t\t\t\t\t\t<span class=\"text\">Descargar PDF<\/span>\r\n\t\t\t\t\t\t\t<\/a>\r\n\t\t\t\t\t\t<\/div>\r\n\t\t\t\t\t\t\t\t\t\t\t<\/div>\r\n\t\t\t\t\t\t\t\t\t\t<div class=\"item-img wa-fix wa-img-cover\">\r\n\t\t\t\t\t\t<img decoding=\"async\" class=\"wa_magnetic_btn_v2-1_elm\" src=\"https:\/\/bohmanbeautysystems.com\/wp-content\/uploads\/2025\/10\/6.png\" alt=\"Consulte el procedimiento y despu\u00e9s de utilizar el DL 6000 Pro 4 para una computadora port\u00e1til.\">\r\n\t\t\t\t\t<\/div>\r\n\t\t\t\t\t\t\t\t\t<\/div>\r\n\t\t\t\t\t\t\t<\/div>\r\n\t\t<\/div>\r\n\t<\/div>\r\n<\/section>\t\t\t\t<\/div>\n\t\t\t\t<\/div>\n\t\t\t\t<\/div>\n\t\t\t\t<\/div>","protected":false},"excerpt":{"rendered":"<p>Our Services DL 6000 Pro 4: Professional Diode Laser Solution Download PDF Advantage: 01 Diode Laser &amp; Technology Diode Laser &amp; Technology At the heart of the DL 6000 Pro 4 is an advanced diode laser with a wavelength of 808 nm. For all areas and hair types Convenient attachment with 4 wavelengths (755\/808\/940\/1064 nm) [&hellip;]<\/p>","protected":false},"author":1,"featured_media":3333,"parent":0,"menu_order":0,"comment_status":"closed","ping_status":"closed","template":"","meta":{"inline_featured_image":false,"footnotes":""},"class_list":["post-2168","page","type-page","status-publish","has-post-thumbnail","hentry"],"acf":[],"_links":{"self":[{"href":"https:\/\/bohmanbeautysystems.com\/es\/wp-json\/wp\/v2\/pages\/2168","targetHints":{"allow":["GET"]}}],"collection":[{"href":"https:\/\/bohmanbeautysystems.com\/es\/wp-json\/wp\/v2\/pages"}],"about":[{"href":"https:\/\/bohmanbeautysystems.com\/es\/wp-json\/wp\/v2\/types\/page"}],"author":[{"embeddable":true,"href":"https:\/\/bohmanbeautysystems.com\/es\/wp-json\/wp\/v2\/users\/1"}],"replies":[{"embeddable":true,"href":"https:\/\/bohmanbeautysystems.com\/es\/wp-json\/wp\/v2\/comments?post=2168"}],"version-history":[{"count":67,"href":"https:\/\/bohmanbeautysystems.com\/es\/wp-json\/wp\/v2\/pages\/2168\/revisions"}],"predecessor-version":[{"id":3346,"href":"https:\/\/bohmanbeautysystems.com\/es\/wp-json\/wp\/v2\/pages\/2168\/revisions\/3346"}],"wp:featuredmedia":[{"embeddable":true,"href":"https:\/\/bohmanbeautysystems.com\/es\/wp-json\/wp\/v2\/media\/3333"}],"wp:attachment":[{"href":"https:\/\/bohmanbeautysystems.com\/es\/wp-json\/wp\/v2\/media?parent=2168"}],"curies":[{"name":"wp","href":"https:\/\/api.w.org\/{rel}","templated":true}]}}