{"id":2659,"date":"2025-10-09T07:30:36","date_gmt":"2025-10-09T07:30:36","guid":{"rendered":"https:\/\/bohmanbeautysystems.com\/?post_type=product&#038;p=2659"},"modified":"2025-10-12T13:58:12","modified_gmt":"2025-10-12T13:58:12","slug":"dl6000-pro-4-dl-109-diodenlaser","status":"publish","type":"product","link":"https:\/\/bohmanbeautysystems.com\/de\/produkt\/dl6000-pro-4-dl-109-diodenlaser\/","title":{"rendered":"DL6000 Pro 4 (DL-109) Diodenlaser zur Haarentfernung"},"content":{"rendered":"<p>Hauptvorteile des DL6000 (DL-109) Pro:<\/p>\n<p>Dreifach-Wellenl\u00e4ngen-Technologie: Das Ger\u00e4t nutzt die effektivsten Wellenl\u00e4ngen (755 nm, 808 nm, 1064 nm) und kann so bei verschiedenen Haar- und Hauttypen \u2013 vom hellsten bis zum dunkelsten \u2013 mit gleicher Effizienz arbeiten.<\/p>\n<p>Hohe Leistung: Mit einer 3000W Griffleistung und einer 6000W Stromversorgung liefert der Laser eine hohe Energiedichte (38J\/cm<br \/>\n2<br \/>\n), um selbst die widerstandsf\u00e4higsten Haarfollikel zu zerst\u00f6ren.<\/p>\n<p>Geschwindigkeit und Effizienz: Eine gro\u00dfe Spotgr\u00f6\u00dfe (12 x 36 mm) und eine einstellbare Frequenz von bis zu 10 Hz verk\u00fcrzen die Behandlungszeit erheblich, sodass Sie mehr Kunden bedienen k\u00f6nnen.<\/p>\n<p>\u00dcberlegene K\u00fchlung: Das leistungsstarke K\u00fchlsystem, das sowohl Wasser als auch einen Kompressor umfasst, sorgt f\u00fcr maximalen Kundenkomfort w\u00e4hrend des Verfahrens und sch\u00fctzt das Ger\u00e4t vor \u00dcberhitzung, wodurch seine Langlebigkeit gew\u00e4hrleistet wird.<\/p>\n<p>Zuverl\u00e4ssigkeit: Der Laserstapel mit FAC-Technologie (Fast Axis Compression) sorgt f\u00fcr einen stabilen und fokussierten Strahl, um die bestm\u00f6glichen Ergebnisse zu erzielen.<\/p>\n<p>Der DL6000 (DL-109) ist eine zuverl\u00e4ssige Investition f\u00fcr Ihren Salon und garantiert durch seine hohe Effizienz, Geschwindigkeit und Verfahrenssicherheit eine schnelle Amortisierung.<\/p>\n<p>Deutsche Qualit\u00e4t und Zuverl\u00e4ssigkeit: Bohman-Ger\u00e4te werden nach den h\u00f6chsten Qualit\u00e4tsstandards Deutschlands entwickelt und montiert. Dies garantiert zuverl\u00e4ssigen Betrieb, Langlebigkeit und minimale Wartungskosten.<\/p>\n<p>Innovative Technologien: Bohman-Ger\u00e4te basieren auf modernen Lasertechnologien (wie einem Mehrwellenl\u00e4ngen-Diodenlaser), die eine effektive und sichere Haarentfernung bei einer Vielzahl von Hauttypen gew\u00e4hrleisten.<\/p>\n<p>Maximaler Komfort und Sicherheit: Fortschrittliche Hautk\u00fchlungssysteme machen die Laser-Haarentfernung f\u00fcr die Kunden nahezu schmerzfrei und angenehm und minimieren das Risiko von Nebenwirkungen.<\/p>\n<p>Zertifizierte Wirksamkeit: Bohman-Ger\u00e4te werden einer strengen Zertifizierung unterzogen, die ihre Konformit\u00e4t mit internationalen Sicherheits- und Wirksamkeitsstandards best\u00e4tigt.<\/p>\n<p>Ergonomisches Design und Benutzerfreundlichkeit: Die intuitive Benutzeroberfl\u00e4che und das ergonomische Design des Griffs machen Bohman-Ger\u00e4te f\u00fcr den Spezialisten komfortabel und effektiv und erm\u00f6glichen schnellere und pr\u00e4zisere Behandlungen.<\/p>","protected":false},"excerpt":{"rendered":"<p>Professioneller 3000-W-Diodenlaser DL6000 (DL-109) Pro f\u00fcr schnelle und effektive Haarentfernung<\/p>\n<p>Der DL6000 (DL-109) ist ein professioneller 3000-W-Diodenlaser f\u00fcr schnelle und effektive Haarentfernung. Seine Dreiwellenl\u00e4ngentechnologie (755 nm, 808 nm und 1064 nm) erm\u00f6glicht eine erfolgreiche Haarentfernung bei allen Hauttypen. Die gro\u00dfe Spotgr\u00f6\u00dfe von 12 x 36 mm in Kombination mit einem leistungsstarken Kompressork\u00fchlsystem sorgt f\u00fcr komfortable und schnelle Behandlungen. Er ist die ideale Wahl f\u00fcr Sch\u00f6nheitssalons und Kliniken.<\/p>","protected":false},"featured_media":2667,"comment_status":"open","ping_status":"closed","template":"","meta":{"inline_featured_image":false},"product_brand":[59],"product_cat":[15],"product_tag":[],"class_list":{"0":"post-2659","1":"product","2":"type-product","3":"status-publish","4":"has-post-thumbnail","6":"product_brand-bohman","7":"product_cat-bohman","9":"first","10":"instock","11":"shipping-taxable","12":"purchasable","13":"product-type-simple"},"acf":[],"_links":{"self":[{"href":"https:\/\/bohmanbeautysystems.com\/de\/wp-json\/wp\/v2\/product\/2659","targetHints":{"allow":["GET"]}}],"collection":[{"href":"https:\/\/bohmanbeautysystems.com\/de\/wp-json\/wp\/v2\/product"}],"about":[{"href":"https:\/\/bohmanbeautysystems.com\/de\/wp-json\/wp\/v2\/types\/product"}],"replies":[{"embeddable":true,"href":"https:\/\/bohmanbeautysystems.com\/de\/wp-json\/wp\/v2\/comments?post=2659"}],"version-history":[{"count":1,"href":"https:\/\/bohmanbeautysystems.com\/de\/wp-json\/wp\/v2\/product\/2659\/revisions"}],"predecessor-version":[{"id":2671,"href":"https:\/\/bohmanbeautysystems.com\/de\/wp-json\/wp\/v2\/product\/2659\/revisions\/2671"}],"wp:featuredmedia":[{"embeddable":true,"href":"https:\/\/bohmanbeautysystems.com\/de\/wp-json\/wp\/v2\/media\/2667"}],"wp:attachment":[{"href":"https:\/\/bohmanbeautysystems.com\/de\/wp-json\/wp\/v2\/media?parent=2659"}],"wp:term":[{"taxonomy":"product_brand","embeddable":true,"href":"https:\/\/bohmanbeautysystems.com\/de\/wp-json\/wp\/v2\/product_brand?post=2659"},{"taxonomy":"product_cat","embeddable":true,"href":"https:\/\/bohmanbeautysystems.com\/de\/wp-json\/wp\/v2\/product_cat?post=2659"},{"taxonomy":"product_tag","embeddable":true,"href":"https:\/\/bohmanbeautysystems.com\/de\/wp-json\/wp\/v2\/product_tag?post=2659"}],"curies":[{"name":"wp","href":"https:\/\/api.w.org\/{rel}","templated":true}]}}