{"id":3481,"date":"2025-10-16T16:54:41","date_gmt":"2025-10-16T16:54:41","guid":{"rendered":"https:\/\/bohmanbeautysystems.com\/?page_id=3481"},"modified":"2025-11-09T15:58:29","modified_gmt":"2025-11-09T15:58:29","slug":"impressum","status":"publish","type":"page","link":"https:\/\/bohmanbeautysystems.com\/de\/impressum\/","title":{"rendered":"Impressum"},"content":{"rendered":"<div data-elementor-type=\"wp-page\" data-elementor-id=\"3481\" class=\"elementor elementor-3481\">\n\t\t\t\t<div class=\"elementor-element elementor-element-0b764ad e-flex e-con-boxed e-con e-parent\" data-id=\"0b764ad\" data-element_type=\"container\" data-e-type=\"container\">\n\t\t\t\t\t<div class=\"e-con-inner\">\n\t\t\t\t<div class=\"elementor-element elementor-element-b206430 elementor-widget elementor-widget-text-editor\" data-id=\"b206430\" data-element_type=\"widget\" data-e-type=\"widget\" data-widget_type=\"text-editor.default\">\n\t\t\t\t\t\t\t\t\t<div class=\"prose dark:prose-invert inline leading-relaxed break-words min-w-0 [word-break:break-word] prose-strong:font-medium\"><p class=\"my-2 [&amp;+p]:mt-4 [&amp;_strong:has(+br)]:inline-block [&amp;_strong:has(+br)]:pb-2\">Impressum<\/p><p class=\"my-2 [&amp;+p]:mt-4 [&amp;_strong:has(+br)]:inline-block [&amp;_strong:has(+br)]:pb-2\">Name der Firma:<br \/>Bohman Beauty Systems GbR<\/p><p class=\"my-2 [&amp;+p]:mt-4 [&amp;_strong:has(+br)]:inline-block [&amp;_strong:has(+br)]:pb-2\">Partner \/ Eigent\u00fcmer:<br \/>Evi Furman<br \/>Ekaterina Bohle<\/p><p class=\"my-2 [&amp;+p]:mt-4 [&amp;_strong:has(+br)]:inline-block [&amp;_strong:has(+br)]:pb-2\">Adresse:<br \/>Leisenmahd 1<br \/>86163 Augsburg<br \/>Deutschland<\/p><p class=\"my-2 [&amp;+p]:mt-4 [&amp;_strong:has(+br)]:inline-block [&amp;_strong:has(+br)]:pb-2\">Kontakt:<br \/>Telefon: +49 163 4733238<br \/>Telefon: +49 821 20915929<br \/>E-Mail: <a class=\"reset interactable cursor-pointer decoration-1 underline-offset-1 text-super hover:underline font-semibold\" href=\"mailto:info@bohmanbeautysystems.com\" target=\"_blank\" rel=\"nofollow noopener\">info@bohmanbeautysystems.com<\/a><\/p><p class=\"my-2 [&amp;+p]:mt-4 [&amp;_strong:has(+br)]:inline-block [&amp;_strong:has(+br)]:pb-2\">Inhaltlich Verantwortlicher gem\u00e4\u00df \u00a7 55 Abs. 2 RStV:<br \/>Evi Furman<br \/>Ekaterina Bohle<\/p><p class=\"my-2 [&amp;+p]:mt-4 [&amp;_strong:has(+br)]:inline-block [&amp;_strong:has(+br)]:pb-2\">Gewerbeanmeldung \/ Handelsregister:<br \/>GbR (Personengesellschaft), Kleingewerbe, nicht im Handelsregister eingetragen<\/p><p class=\"my-2 [&amp;+p]:mt-4 [&amp;_strong:has(+br)]:inline-block [&amp;_strong:has(+br)]:pb-2\">Umsatzsteuer-Identifikationsnummer:<br \/>Entf\u00e4llt (Kleinunternehmer gem. \u00a719 UStG)<\/p><p class=\"my-2 [&amp;+p]:mt-4 [&amp;_strong:has(+br)]:inline-block [&amp;_strong:has(+br)]:pb-2\">Aufsichtsbeh\u00f6rde:<br \/>Entf\u00e4llt (keine genehmigungspflichtige T\u00e4tigkeit)<\/p><p class=\"my-2 [&amp;+p]:mt-4 [&amp;_strong:has(+br)]:inline-block [&amp;_strong:has(+br)]:pb-2\">Berufshaftpflichtversicherung:<br \/>Nicht erforderlich<\/p><p class=\"my-2 [&amp;+p]:mt-4 [&amp;_strong:has(+br)]:inline-block [&amp;_strong:has(+br)]:pb-2\">Haftungsausschluss:<br \/>Trotz sorgf\u00e4ltiger inhaltlicher Kontrolle \u00fcbernehmen wir keine Haftung f\u00fcr die Inhalte externer Links. F\u00fcr den Inhalt der verlinkten Seiten sind ausschlie\u00dflich deren Betreiber verantwortlich.<\/p><\/div>\t\t\t\t\t\t\t\t<\/div>\n\t\t\t\t\t<\/div>\n\t\t\t\t<\/div>\n\t\t\t\t<\/div>","protected":false},"excerpt":{"rendered":"<p>Impressum Company name:Bohman Beauty Systems GbR Partners \/ Owners:Evi FurmanEkaterina Bohle Address:Leisenmahd 186163 AugsburgGermany Contact:Phone: +49 163 4733238Phone: +49 821 20915929Email: info@bohmanbeautysystems.com Responsible for content according to \u00a7 55 Abs. 2 RStV:Evi FurmanEkaterina Bohle Trade registration \/ Commercial register:GbR (partnership), small business, not registered in the commercial register VAT ID number:Not applicable (small business according [&hellip;]<\/p>","protected":false},"author":1,"featured_media":3487,"parent":0,"menu_order":0,"comment_status":"closed","ping_status":"closed","template":"","meta":{"inline_featured_image":false,"footnotes":""},"class_list":["post-3481","page","type-page","status-publish","has-post-thumbnail","hentry"],"acf":[],"_links":{"self":[{"href":"https:\/\/bohmanbeautysystems.com\/de\/wp-json\/wp\/v2\/pages\/3481","targetHints":{"allow":["GET"]}}],"collection":[{"href":"https:\/\/bohmanbeautysystems.com\/de\/wp-json\/wp\/v2\/pages"}],"about":[{"href":"https:\/\/bohmanbeautysystems.com\/de\/wp-json\/wp\/v2\/types\/page"}],"author":[{"embeddable":true,"href":"https:\/\/bohmanbeautysystems.com\/de\/wp-json\/wp\/v2\/users\/1"}],"replies":[{"embeddable":true,"href":"https:\/\/bohmanbeautysystems.com\/de\/wp-json\/wp\/v2\/comments?post=3481"}],"version-history":[{"count":7,"href":"https:\/\/bohmanbeautysystems.com\/de\/wp-json\/wp\/v2\/pages\/3481\/revisions"}],"predecessor-version":[{"id":3538,"href":"https:\/\/bohmanbeautysystems.com\/de\/wp-json\/wp\/v2\/pages\/3481\/revisions\/3538"}],"wp:featuredmedia":[{"embeddable":true,"href":"https:\/\/bohmanbeautysystems.com\/de\/wp-json\/wp\/v2\/media\/3487"}],"wp:attachment":[{"href":"https:\/\/bohmanbeautysystems.com\/de\/wp-json\/wp\/v2\/media?parent=3481"}],"curies":[{"name":"wp","href":"https:\/\/api.w.org\/{rel}","templated":true}]}}