{"id":15,"date":"2025-10-04T10:45:43","date_gmt":"2025-10-04T10:45:43","guid":{"rendered":"https:\/\/bohmanbeautysystems.com\/?page_id=15"},"modified":"2025-10-12T14:03:27","modified_gmt":"2025-10-12T14:03:27","slug":"ruckerstattung_rucksendungen-2","status":"publish","type":"page","link":"https:\/\/bohmanbeautysystems.com\/de\/ruckerstattung_rucksendungen-2\/","title":{"rendered":"R\u00fcckerstattungs- und R\u00fcckgaberichtlinien"},"content":{"rendered":"<div data-elementor-type=\"wp-page\" data-elementor-id=\"15\" class=\"elementor elementor-15\">\n\t\t\t\t<div class=\"elementor-element elementor-element-3faa0cde e-flex e-con-boxed e-con e-parent\" data-id=\"3faa0cde\" data-element_type=\"container\" data-e-type=\"container\">\n\t\t\t\t\t<div class=\"e-con-inner\">\n\t\t\t\t<div class=\"elementor-element elementor-element-179fc80b elementor-widget elementor-widget-text-editor\" data-id=\"179fc80b\" data-element_type=\"widget\" data-e-type=\"widget\" data-widget_type=\"text-editor.default\">\n\t\t\t\t\t\t\t\t\t<main id=\"root\"><\/main><div class=\"border-subtlest ring-subtlest divide-subtlest bg-underlay\"><div class=\"isolate flex h-dvh\"><div class=\"flex size-full flex-1 duration-normal ease-in-out\"><div class=\"erp-tab:p-0 md:gap-xs erp-tab:gap-0 isolate flex h-auto max-h-screen min-w-0 grow flex-col\"><div class=\"@container\/main relative isolate min-h-0 flex-1 overflow-clip bg-clip-border border-subtlest ring-subtlest divide-subtlest bg-base\"><div class=\"mx-auto flex w-full flex-col h-full\"><div class=\"scrollable-container scrollbar-subtle flex flex-1 basis-0 overflow-auto [scrollbar-gutter:stable]\"><div class=\"mx-auto size-full max-w-none\"><div class=\"erp-sidecar:h-fit erp-sidecar:pb-0 mx-auto h-full\"><div class=\"relative border-subtlest ring-subtlest divide-subtlest bg-base\"><div><div><div><div class=\"erp-sidecar:pt-0 erp-mobile-sidecar:pt-0 erp-sidecar:min-h-[var(--sidecar-content-height)] min-h-[var(--page-content-height)] md:min-h-[var(--page-content-height-without-header)] border-subtlest ring-subtlest divide-subtlest bg-transparent\"><div class=\"isolate mx-auto px-md\"><div class=\"pb-md mx-auto pt-5 md:pb-12 max-w-threadContentWidth\"><div class=\"relative\"><div class=\"gap-y-sm flex flex-col\"><div class=\"gap-y-lg mt-3 flex flex-col first:mt-0\"><div class=\"border-subtlest ring-subtlest divide-subtlest bg-transparent\"><div class=\"gap-y-sm md:gap-y-md flex flex-col\"><div class=\"relative font-sans text-base text-foreground selection:bg-super\/50 selection:text-foreground dark:selection:bg-super\/10 dark:selection:text-super\"><div class=\"min-w-0 break-words [word-break:break-word]\"><div id=\"markdown-content-0\" class=\"gap-y-md after:clear-both after:block after:content-['']\" dir=\"auto\"><div class=\"my-2 first:mt-0 [&amp;:has([data-inline-type=image])+&amp;:has([data-inline-type=image])_[data-inline-type=image]]:hidden [&amp;:has(table)_[data-inline-type=image]]:hidden\"><div class=\"relative\"><div class=\"prose text-pretty dark:prose-invert inline leading-relaxed break-words min-w-0 [word-break:break-word] prose-strong:font-medium\"><h1 id=\"refund-and-returns-policy\" class=\"font-display first:mt-xs mb-2 mt-4 font-semimedium text-lg leading-[1.5em] lg:text-xl\">R\u00fcckerstattungs- und R\u00fcckgaberichtlinien<\/h1><h2 id=\"right-of-withdrawal\" class=\"mb-2 mt-4 font-display font-semimedium text-base first:mt-0 md:text-lg [hr+&amp;]:mt-4\">Widerrufsrecht<\/h2><p class=\"my-2 [&amp;+p]:mt-4 [&amp;_strong:has(+br)]:inline-block [&amp;_strong:has(+br)]:pb-2\">Gem\u00e4\u00df deutschem Recht und der EU-Verbraucherrechterichtlinie 2011\/83\/EU haben Sie das Recht, innerhalb von\u00a0<strong>14 Tage<\/strong>\u00a0ohne Angabe von Gr\u00fcnden.<\/p><p class=\"my-2 [&amp;+p]:mt-4 [&amp;_strong:has(+br)]:inline-block [&amp;_strong:has(+br)]:pb-2\">Die Widerrufsfrist betr\u00e4gt vierzehn Tage ab dem Tag, an dem Sie oder ein von Ihnen benannter Dritter, der nicht der Bef\u00f6rderer ist, die Waren in Besitz genommen haben bzw. hat. Bei Dienstleistungen betr\u00e4gt die Widerrufsfrist vierzehn Tage ab dem Tag des Vertragsabschlusses.<\/p><p class=\"my-2 [&amp;+p]:mt-4 [&amp;_strong:has(+br)]:inline-block [&amp;_strong:has(+br)]:pb-2\">Um Ihr Widerrufsrecht auszu\u00fcben, m\u00fcssen Sie uns<\/p><p class=\"my-2 [&amp;+p]:mt-4 [&amp;_strong:has(+br)]:inline-block [&amp;_strong:has(+br)]:pb-2\"><strong>Bohman Beauty Systems GbR<\/strong><br \/>Leisenmahd 1<br \/>86179 Augsburg<br \/>E-Mail:\u00a0<a class=\"reset interactable cursor-pointer text-super hover:underline font-bold\" href=\"mailto:info@bohmanbeautysystems.com\" target=\"_blank\" rel=\"nofollow noopener\">info@bohmanbeautysystems.com<\/a><\/p><p>+4982120915929<br \/>+491634733238<\/p><p class=\"my-2 [&amp;+p]:mt-4 [&amp;_strong:has(+br)]:inline-block [&amp;_strong:has(+br)]:pb-2\">mittels einer eindeutigen Erkl\u00e4rung (z. B. ein mit der Post versandter Brief, Telefax oder E-Mail) \u00fcber Ihren Entschluss, diesen Vertrag zu widerrufen, informieren. Zur Wahrung der Widerrufsfrist reicht es aus, dass Sie die Mitteilung \u00fcber die Aus\u00fcbung des Widerrufsrechts vor Ablauf der Widerrufsfrist absenden.<\/p><h2 id=\"effects-of-withdrawal\" class=\"mb-2 mt-4 font-display font-semimedium text-base first:mt-0 md:text-lg [hr+&amp;]:mt-4\">Folgen des Widerrufs<\/h2><p class=\"my-2 [&amp;+p]:mt-4 [&amp;_strong:has(+br)]:inline-block [&amp;_strong:has(+br)]:pb-2\">Wenn Sie diesen Vertrag widerrufen, haben wir Ihnen alle Zahlungen, die wir von Ihnen erhalten haben, einschlie\u00dflich der Lieferkosten (mit Ausnahme der zus\u00e4tzlichen Kosten, die sich daraus ergeben, dass Sie eine andere Art der Lieferung als die von uns angebotene, g\u00fcnstigste Standardlieferung gew\u00e4hlt haben), unverz\u00fcglich und sp\u00e4testens binnen vierzehn Tagen ab dem Tag zur\u00fcckzuzahlen, an dem die Mitteilung \u00fcber Ihren Widerruf dieses Vertrags bei uns eingegangen ist.<\/p><p class=\"my-2 [&amp;+p]:mt-4 [&amp;_strong:has(+br)]:inline-block [&amp;_strong:has(+br)]:pb-2\">F\u00fcr diese R\u00fcckzahlung verwenden wir dasselbe Zahlungsmittel, das Sie bei der urspr\u00fcnglichen Transaktion eingesetzt haben, es sei denn, mit Ihnen wurde ausdr\u00fccklich etwas anderes vereinbart; in keinem Fall werden Ihnen wegen dieser R\u00fcckzahlung Entgelte berechnet.<\/p><p class=\"my-2 [&amp;+p]:mt-4 [&amp;_strong:has(+br)]:inline-block [&amp;_strong:has(+br)]:pb-2\">Wir k\u00f6nnen die R\u00fcckzahlung verweigern, bis wir die Waren wieder zur\u00fcckerhalten haben oder bis Sie den Nachweis erbracht haben, dass Sie die Waren zur\u00fcckgesandt haben, je nachdem, welches der fr\u00fchere Zeitpunkt ist.<\/p><h2 id=\"return-of-goods\" class=\"mb-2 mt-4 font-display font-semimedium text-base first:mt-0 md:text-lg [hr+&amp;]:mt-4\">Warenr\u00fccksendung<\/h2><p class=\"my-2 [&amp;+p]:mt-4 [&amp;_strong:has(+br)]:inline-block [&amp;_strong:has(+br)]:pb-2\">Sie haben die Waren unverz\u00fcglich und in jedem Fall sp\u00e4testens binnen vierzehn Tagen ab dem Tag, an dem Sie uns \u00fcber den Widerruf dieses Vertrags unterrichten, an uns zur\u00fcckzusenden oder zu \u00fcbergeben. Die Frist ist gewahrt, wenn Sie die Waren vor Ablauf der Frist von vierzehn Tagen absenden.<\/p><p class=\"my-2 [&amp;+p]:mt-4 [&amp;_strong:has(+br)]:inline-block [&amp;_strong:has(+br)]:pb-2\">Sie tragen die unmittelbaren Kosten der R\u00fccksendung der Waren, es sei denn, wir haben uns mit der \u00dcbernahme dieser Kosten einverstanden erkl\u00e4rt.<\/p><p class=\"my-2 [&amp;+p]:mt-4 [&amp;_strong:has(+br)]:inline-block [&amp;_strong:has(+br)]:pb-2\">Sie m\u00fcssen f\u00fcr einen etwaigen Wertverlust der Waren nur aufkommen, wenn dieser Wertverlust auf einen zur Pr\u00fcfung der Beschaffenheit, Eigenschaften und Funktionsweise der Waren nicht notwendigen Umgang mit ihnen zur\u00fcckzuf\u00fchren ist.<\/p><h2 id=\"exceptions-to-right-of-withdrawal\" class=\"mb-2 mt-4 font-display font-semimedium text-base first:mt-0 md:text-lg [hr+&amp;]:mt-4\">Ausnahmen vom Widerrufsrecht<\/h2><p class=\"my-2 [&amp;+p]:mt-4 [&amp;_strong:has(+br)]:inline-block [&amp;_strong:has(+br)]:pb-2\">Das Widerrufsrecht besteht nicht bei folgenden Vertr\u00e4gen:<\/p><ul class=\"marker:text-quiet list-disc\"><li class=\"py-0 my-0 prose-p:pt-0 prose-p:mb-2 prose-p:my-0 [&amp;&gt;p]:pt-0 [&amp;&gt;p]:mb-2 [&amp;&gt;p]:my-0\"><p class=\"my-2 [&amp;+p]:mt-4 [&amp;_strong:has(+br)]:inline-block [&amp;_strong:has(+br)]:pb-2\">Vertr\u00e4ge zur Lieferung von Waren, die nach Kundenspezifikation angefertigt werden oder eindeutig auf die pers\u00f6nlichen Bed\u00fcrfnisse zugeschnitten sind<\/p><\/li><li class=\"py-0 my-0 prose-p:pt-0 prose-p:mb-2 prose-p:my-0 [&amp;&gt;p]:pt-0 [&amp;&gt;p]:mb-2 [&amp;&gt;p]:my-0\"><p class=\"my-2 [&amp;+p]:mt-4 [&amp;_strong:has(+br)]:inline-block [&amp;_strong:has(+br)]:pb-2\">Vertr\u00e4ge zur Lieferung von Waren, die schnell verderben k\u00f6nnen oder deren Verfallsdatum schnell \u00fcberschritten w\u00fcrde<\/p><\/li><li class=\"py-0 my-0 prose-p:pt-0 prose-p:mb-2 prose-p:my-0 [&amp;&gt;p]:pt-0 [&amp;&gt;p]:mb-2 [&amp;&gt;p]:my-0\"><p class=\"my-2 [&amp;+p]:mt-4 [&amp;_strong:has(+br)]:inline-block [&amp;_strong:has(+br)]:pb-2\">Vertr\u00e4ge zur Lieferung versiegelter Waren, die aus Gr\u00fcnden des Gesundheitsschutzes oder der Hygiene nicht zur R\u00fcckgabe geeignet sind, wenn ihre Versiegelung nach der Lieferung entfernt wurde<\/p><\/li><li class=\"py-0 my-0 prose-p:pt-0 prose-p:mb-2 prose-p:my-0 [&amp;&gt;p]:pt-0 [&amp;&gt;p]:mb-2 [&amp;&gt;p]:my-0\"><p class=\"my-2 [&amp;+p]:mt-4 [&amp;_strong:has(+br)]:inline-block [&amp;_strong:has(+br)]:pb-2\">Vertr\u00e4ge zur Lieferung von digitalen Inhalten, die nicht auf einem k\u00f6rperlichen Datentr\u00e4ger geliefert werden, wenn mit der Ausf\u00fchrung des Vertrags mit Ihrer ausdr\u00fccklichen Zustimmung begonnen wurde und Sie gleichzeitig Ihre Kenntnis davon best\u00e4tigt haben, dass Sie dadurch Ihr Widerrufsrecht verlieren.<\/p><\/li><\/ul><h2 id=\"online-course-refunds\" class=\"mb-2 mt-4 font-display font-semimedium text-base first:mt-0 md:text-lg [hr+&amp;]:mt-4\">R\u00fcckerstattungen f\u00fcr Online-Kurse<\/h2><p class=\"my-2 [&amp;+p]:mt-4 [&amp;_strong:has(+br)]:inline-block [&amp;_strong:has(+br)]:pb-2\">F\u00fcr Online-Kurse zur Verwendung der Diodenlaserausr\u00fcstung DL Pro 6000:<\/p><p class=\"my-2 [&amp;+p]:mt-4 [&amp;_strong:has(+br)]:inline-block [&amp;_strong:has(+br)]:pb-2\"><strong>Digitale Kursinhalte<\/strong>: Alle K\u00e4ufe von digitalen Kursmaterialien, einschlie\u00dflich Videokursen, E-Books und herunterladbaren Inhalten, sind endg\u00fcltig und nicht erstattungsf\u00e4hig, sobald sie abgerufen oder heruntergeladen wurden, au\u00dfer innerhalb der 14-t\u00e4gigen Widerrufsfrist vor dem Zugriff auf die Inhalte.<\/p><p class=\"my-2 [&amp;+p]:mt-4 [&amp;_strong:has(+br)]:inline-block [&amp;_strong:has(+br)]:pb-2\"><strong>Kursbeginn<\/strong>: Haben Sie verlangt, dass die Kursdienstleistungen w\u00e4hrend der Widerrufsfrist beginnen sollen, haben Sie uns einen angemessenen Betrag zu zahlen, der dem Anteil der bis zu dem Zeitpunkt, zu dem Sie uns von der Aus\u00fcbung des Widerrufsrechts hinsichtlich dieses Vertrags unterrichten, bereits erbrachten Dienstleistungen entspricht.<\/p><p class=\"my-2 [&amp;+p]:mt-4 [&amp;_strong:has(+br)]:inline-block [&amp;_strong:has(+br)]:pb-2\"><strong>Technische Voraussetzungen<\/strong>: Wir k\u00f6nnen keine R\u00fcckerstattungen anbieten, wenn Sie aufgrund technischer M\u00e4ngel, wie z. B. fehlender Ausr\u00fcstung oder unzureichender Internetverbindung, Schwierigkeiten beim Zugriff auf Kursmaterialien haben. Die technischen Voraussetzungen sind klar angegeben und m\u00fcssen vor dem Kauf des Kurses erf\u00fcllt sein.<\/p><h2 id=\"equipment-returns-and-exchanges\" class=\"mb-2 mt-4 font-display font-semimedium text-base first:mt-0 md:text-lg [hr+&amp;]:mt-4\">R\u00fcckgabe und Umtausch von Ger\u00e4ten<\/h2><p class=\"my-2 [&amp;+p]:mt-4 [&amp;_strong:has(+br)]:inline-block [&amp;_strong:has(+br)]:pb-2\">F\u00fcr DL Pro 6000 Diodenlaserger\u00e4te:<\/p><p class=\"my-2 [&amp;+p]:mt-4 [&amp;_strong:has(+br)]:inline-block [&amp;_strong:has(+br)]:pb-2\"><strong>Defekte Produkte<\/strong>: Sollte das Ger\u00e4t zum Zeitpunkt des Kaufs einen Mangel aufweisen, haben Sie gem\u00e4\u00df BGB innerhalb von 2 Jahren ab Kaufdatum Anspruch auf Nachbesserung, Ersatzlieferung oder Kaufpreiserstattung.<\/p><p class=\"my-2 [&amp;+p]:mt-4 [&amp;_strong:has(+br)]:inline-block [&amp;_strong:has(+br)]:pb-2\"><strong>Garantieanspr\u00fcche<\/strong>: Innerhalb der ersten 12 Monate nach dem Kauf wird vermutet, dass der Mangel bereits zum Kaufzeitpunkt vorhanden war, sofern wir nicht das Gegenteil beweisen k\u00f6nnen. Nach Ablauf der 12 Monate m\u00fcssen Sie den Nachweis erbringen, dass der Mangel bereits zum Kaufzeitpunkt vorhanden war.<\/p><p class=\"my-2 [&amp;+p]:mt-4 [&amp;_strong:has(+br)]:inline-block [&amp;_strong:has(+br)]:pb-2\"><strong>Sicherheitsanforderungen<\/strong>: R\u00fccksendungen von medizinischen\/kosmetischen Laserger\u00e4ten m\u00fcssen den deutschen Produktsicherheitsvorschriften entsprechen und k\u00f6nnen vor der Verarbeitung zus\u00e4tzlichen Sicherheitspr\u00fcfungen unterzogen werden.<\/p><h2 id=\"refund-processing\" class=\"mb-2 mt-4 font-display font-semimedium text-base first:mt-0 md:text-lg [hr+&amp;]:mt-4\">R\u00fcckerstattungsabwicklung<\/h2><p class=\"my-2 [&amp;+p]:mt-4 [&amp;_strong:has(+br)]:inline-block [&amp;_strong:has(+br)]:pb-2\">R\u00fcckerstattungen werden innerhalb von 14 Tagen nach Erhalt Ihrer Widerrufserkl\u00e4rung oder der zur\u00fcckgesendeten Ware bearbeitet, je nachdem, welcher Zeitpunkt sp\u00e4ter liegt. Alle R\u00fcckerstattungen erfolgen mit derselben Zahlungsmethode, die Sie f\u00fcr den urspr\u00fcnglichen Kauf verwendet haben.<\/p><p class=\"my-2 [&amp;+p]:mt-4 [&amp;_strong:has(+br)]:inline-block [&amp;_strong:has(+br)]:pb-2\">Bei internationalen R\u00fccksendungen sind Sie daf\u00fcr verantwortlich, dass die Waren ordnungsgem\u00e4\u00df deklariert werden und den Zollbestimmungen entsprechen. Alle bei der R\u00fccksendung anfallenden Z\u00f6lle und Steuern gehen zu Ihren Lasten.<\/p><h2 id=\"contact-information\" class=\"mb-2 mt-4 font-display font-semimedium text-base first:mt-0 md:text-lg [hr+&amp;]:mt-4\">Kontaktinformationen<\/h2><p class=\"my-2 [&amp;+p]:mt-4 [&amp;_strong:has(+br)]:inline-block [&amp;_strong:has(+br)]:pb-2\">F\u00fcr alle R\u00fcckgabeanfragen, Garantieanspr\u00fcche oder Fragen zu dieser Richtlinie kontaktieren Sie uns bitte unter:<\/p><p class=\"my-2 [&amp;+p]:mt-4 [&amp;_strong:has(+br)]:inline-block [&amp;_strong:has(+br)]:pb-2\"><strong>E-Mail<\/strong>:\u00a0<a class=\"reset interactable cursor-pointer text-super hover:underline font-bold\" href=\"mailto:info@bohmanbeautysystems.com\" target=\"_blank\" rel=\"nofollow noopener\">info@bohmanbeautysystems.com<\/a><br \/><strong>Adresse<\/strong>: Bohman Beauty Systems GbR, Leisenmahd 1, 86179 Augsburg, Deutschland<\/p><p>+4982120915929<br \/>+491634733238<\/p><p class=\"my-2 [&amp;+p]:mt-4 [&amp;_strong:has(+br)]:inline-block [&amp;_strong:has(+br)]:pb-2\">Diese Richtlinie entspricht den \u00a7\u00a7 355-359 BGB und der EU-Verbraucherrechterichtlinie 2011\/83\/EU. Ihre gesetzlichen Rechte nach deutschem Verbraucherschutzrecht bleiben von dieser Richtlinie unber\u00fchrt.<\/p><p class=\"my-2 [&amp;+p]:mt-4 [&amp;_strong:has(+br)]:inline-block [&amp;_strong:has(+br)]:pb-2\"><strong>Zuletzt aktualisiert<\/strong>: 12. Oktober 2025<\/p><\/div><\/div><\/div><\/div><\/div><\/div><\/div><\/div><\/div><\/div><\/div><\/div><\/div><\/div><\/div><\/div><\/div><\/div><\/div><\/div><\/div><\/div><\/div><\/div><\/div><\/div><\/div><p>\u00a0<\/p>\t\t\t\t\t\t\t\t<\/div>\n\t\t\t\t\t<\/div>\n\t\t\t\t<\/div>\n\t\t\t\t<\/div>","protected":false},"excerpt":{"rendered":"<p>Refund and Returns Policy Right of Withdrawal In accordance with German law and EU Consumer Rights Directive 2011\/83\/EU, you have the right to withdraw from this contract within\u00a014 days\u00a0without giving any reason. The withdrawal period is 14 days from the day on which you, or a third party nominated by you (other than the carrier), [&hellip;]<\/p>","protected":false},"author":1,"featured_media":0,"parent":0,"menu_order":0,"comment_status":"closed","ping_status":"closed","template":"","meta":{"inline_featured_image":false,"footnotes":""},"class_list":["post-15","page","type-page","status-publish","hentry"],"acf":[],"_links":{"self":[{"href":"https:\/\/bohmanbeautysystems.com\/de\/wp-json\/wp\/v2\/pages\/15","targetHints":{"allow":["GET"]}}],"collection":[{"href":"https:\/\/bohmanbeautysystems.com\/de\/wp-json\/wp\/v2\/pages"}],"about":[{"href":"https:\/\/bohmanbeautysystems.com\/de\/wp-json\/wp\/v2\/types\/page"}],"author":[{"embeddable":true,"href":"https:\/\/bohmanbeautysystems.com\/de\/wp-json\/wp\/v2\/users\/1"}],"replies":[{"embeddable":true,"href":"https:\/\/bohmanbeautysystems.com\/de\/wp-json\/wp\/v2\/comments?post=15"}],"version-history":[{"count":6,"href":"https:\/\/bohmanbeautysystems.com\/de\/wp-json\/wp\/v2\/pages\/15\/revisions"}],"predecessor-version":[{"id":2963,"href":"https:\/\/bohmanbeautysystems.com\/de\/wp-json\/wp\/v2\/pages\/15\/revisions\/2963"}],"wp:attachment":[{"href":"https:\/\/bohmanbeautysystems.com\/de\/wp-json\/wp\/v2\/media?parent=15"}],"curies":[{"name":"wp","href":"https:\/\/api.w.org\/{rel}","templated":true}]}}